{"id":1282,"date":"2023-11-27T15:48:55","date_gmt":"2023-11-27T14:48:55","guid":{"rendered":"https:\/\/slsp.ch\/metadonnees\/"},"modified":"2024-04-04T14:22:00","modified_gmt":"2024-04-04T12:22:00","slug":"metadonnees","status":"publish","type":"page","link":"https:\/\/slsp.ch\/fr\/metadonnees\/","title":{"rendered":"M\u00e9tadonn\u00e9es"},"content":{"rendered":"\t\t<div data-elementor-type=\"wp-page\" data-elementor-id=\"1282\" class=\"elementor elementor-1282 elementor-476\" data-elementor-post-type=\"page\">\n\t\t\t\t<div class=\"elementor-element elementor-element-254d7d2c e-flex e-con-boxed e-con e-parent\" data-id=\"254d7d2c\" data-element_type=\"container\" data-e-type=\"container\" data-settings=\"{&quot;jet_parallax_layout_list&quot;:[]}\">\n\t\t\t\t\t<div class=\"e-con-inner\">\n\t\t\t\t<div class=\"elementor-element elementor-element-3723414d elementor-widget elementor-widget-heading\" data-id=\"3723414d\" data-element_type=\"widget\" data-e-type=\"widget\" data-widget_type=\"heading.default\">\n\t\t\t\t<div class=\"elementor-widget-container\">\n\t\t\t\t\t<h1 class=\"elementor-heading-title elementor-size-default\">Utilisation des m\u00e9tadonn\u00e9es SLSP<\/h1>\t\t\t\t<\/div>\n\t\t\t\t<\/div>\n\t\t\t\t<div class=\"elementor-element elementor-element-7b487fe5 textlink elementor-widget elementor-widget-text-editor\" data-id=\"7b487fe5\" data-element_type=\"widget\" data-e-type=\"widget\" data-widget_type=\"text-editor.default\">\n\t\t\t\t<div class=\"elementor-widget-container\">\n\t\t\t\t\t\t\t\t\t<p>Les m\u00e9tadonn\u00e9es SLSP sont accessibles via swisscovery ou les interfaces SRU et Z39.50.<\/p>\n\t\t\t\t\t\t\t\t<\/div>\n\t\t\t\t<\/div>\n\t\t<div class=\"elementor-element elementor-element-7fc1dc56 e-flex e-con-boxed e-con e-child\" data-id=\"7fc1dc56\" data-element_type=\"container\" data-e-type=\"container\" data-settings=\"{&quot;background_background&quot;:&quot;classic&quot;,&quot;jet_parallax_layout_list&quot;:[]}\">\n\t\t\t\t\t<div class=\"e-con-inner\">\n\t\t\t\t<div class=\"elementor-element elementor-element-3b9e4ab8 button elementor-widget elementor-widget-button\" data-id=\"3b9e4ab8\" data-element_type=\"widget\" data-e-type=\"widget\" data-widget_type=\"button.default\">\n\t\t\t\t<div class=\"elementor-widget-container\">\n\t\t\t\t\t\t\t\t\t<div class=\"elementor-button-wrapper\">\n\t\t\t\t\t<a class=\"elementor-button elementor-button-link elementor-size-sm\" href=\"#sru\">\n\t\t\t\t\t\t<span class=\"elementor-button-content-wrapper\">\n\t\t\t\t\t\t<span class=\"elementor-button-icon\">\n\t\t\t\t<svg xmlns=\"http:\/\/www.w3.org\/2000\/svg\" width=\"24\" height=\"25\" viewBox=\"0 0 24 25\" aria-label=\"Link on a section of this page\" role=\"img\"><g id=\"Icon-arrow-down\"><style type=\"text\/css\">\t.anchor{fill:none;stroke:#4E4A99;stroke-width:2;stroke-linecap:square;}<\/style><path id=\"Vector\" class=\"anchor\" d=\"M12.25 6V18.5M12.25 18.5L6.25 12.5M12.25 18.5L18.25 12.5\"><\/path><\/g><\/svg>\t\t\t<\/span>\n\t\t\t\t\t\t\t\t\t<span class=\"elementor-button-text\">SRU<\/span>\n\t\t\t\t\t<\/span>\n\t\t\t\t\t<\/a>\n\t\t\t\t<\/div>\n\t\t\t\t\t\t\t\t<\/div>\n\t\t\t\t<\/div>\n\t\t\t\t<div class=\"elementor-element elementor-element-2577119c button elementor-widget elementor-widget-button\" data-id=\"2577119c\" data-element_type=\"widget\" data-e-type=\"widget\" data-widget_type=\"button.default\">\n\t\t\t\t<div class=\"elementor-widget-container\">\n\t\t\t\t\t\t\t\t\t<div class=\"elementor-button-wrapper\">\n\t\t\t\t\t<a class=\"elementor-button elementor-button-link elementor-size-sm\" href=\"#strategieopendata\">\n\t\t\t\t\t\t<span class=\"elementor-button-content-wrapper\">\n\t\t\t\t\t\t<span class=\"elementor-button-icon\">\n\t\t\t\t<svg xmlns=\"http:\/\/www.w3.org\/2000\/svg\" width=\"24\" height=\"25\" viewBox=\"0 0 24 25\" aria-label=\"Link on a section of this page\" role=\"img\"><g id=\"Icon-arrow-down\"><style type=\"text\/css\">\t.anchor{fill:none;stroke:#4E4A99;stroke-width:2;stroke-linecap:square;}<\/style><path id=\"Vector\" class=\"anchor\" d=\"M12.25 6V18.5M12.25 18.5L6.25 12.5M12.25 18.5L18.25 12.5\"><\/path><\/g><\/svg>\t\t\t<\/span>\n\t\t\t\t\t\t\t\t\t<span class=\"elementor-button-text\">Strat\u00e9gie Open Data<\/span>\n\t\t\t\t\t<\/span>\n\t\t\t\t\t<\/a>\n\t\t\t\t<\/div>\n\t\t\t\t\t\t\t\t<\/div>\n\t\t\t\t<\/div>\n\t\t\t\t\t<\/div>\n\t\t\t\t<\/div>\n\t\t\t\t\t<\/div>\n\t\t\t\t<\/div>\n\t\t<div class=\"elementor-element elementor-element-1ae6dd40 e-flex e-con-boxed e-con e-parent\" data-id=\"1ae6dd40\" data-element_type=\"container\" data-e-type=\"container\" data-settings=\"{&quot;jet_parallax_layout_list&quot;:[]}\">\n\t\t\t\t\t<div class=\"e-con-inner\">\n\t\t\t\t<div class=\"elementor-element elementor-element-6fee9272 elementor-widget elementor-widget-menu-anchor\" data-id=\"6fee9272\" data-element_type=\"widget\" data-e-type=\"widget\" data-widget_type=\"menu-anchor.default\">\n\t\t\t\t<div class=\"elementor-widget-container\">\n\t\t\t\t\t\t\t<div class=\"elementor-menu-anchor\" id=\"sru\"><\/div>\n\t\t\t\t\t\t<\/div>\n\t\t\t\t<\/div>\n\t\t\t\t<div class=\"elementor-element elementor-element-6a2bf951 elementor-widget elementor-widget-heading\" data-id=\"6a2bf951\" data-element_type=\"widget\" data-e-type=\"widget\" data-widget_type=\"heading.default\">\n\t\t\t\t<div class=\"elementor-widget-container\">\n\t\t\t\t\t<h2 class=\"elementor-heading-title elementor-size-default\">Interface SRU<\/h2>\t\t\t\t<\/div>\n\t\t\t\t<\/div>\n\t\t\t\t<div class=\"elementor-element elementor-element-79f480aa textlink elementor-widget elementor-widget-text-editor\" data-id=\"79f480aa\" data-element_type=\"widget\" data-e-type=\"widget\" data-widget_type=\"text-editor.default\">\n\t\t\t\t<div class=\"elementor-widget-container\">\n\t\t\t\t\t\t\t\t\t<p><a href=\"https:\/\/swisscovery.slsp.ch\/view\/sru\/41SLSP_NETWORK?version=1.2&amp;operation=explain\">https:\/\/swisscovery.slsp.ch\/view\/sru\/41SLSP_NETWORK?version=1.2&amp;operation=explain<\/a><\/p>\n<p>Z39.50: <\/p>\n<ul>\n<li>Host: slsp-network.alma.exlibrisgroup.com<\/li>\n<li>Port: 1921<\/li>\n<li>Database name: 41SLSP_NETWORK<\/li>\n<li>Username: leave empty \/ not necessary<\/li>\n<li>Password: leave empty \/ not necessary<\/li>\n<li>Syntax: MARC21<\/li>\n<li>Charset: UTF8<\/li>\n<li>Supported search attributes: Term (1016, 1017), Author (1, 1003, 1004)<br \/>Subject (21), Title (4), ISBN (7), ISSN (8)<br \/>Date (31), Identifier (12), OCLC Number (1211)<\/li>\n<\/ul>\n<p>Vous trouverez d\u2019autres exemples et documents dans la documentation Ex Libris officielle:<\/p>\n<p><a href=\"https:\/\/developers.exlibrisgroup.com\/alma\/integrations\/sru\/\">Documentation officielle Ex Libris sur SRU<\/a><br \/><a href=\"https:\/\/developers.exlibrisgroup.com\/alma\/integrations\/z39-50\/\">Documentation officielle Ex Libris sur Z39.50<\/a><\/p>\n<p style=\"font-size: 16px; margin-top: 0px; margin-bottom: 10px; caret-color: #333333; color: #333333; font-family: 'Source Sans Pro', sans-serif;\">\n\t\t\t\t\t\t\t\t<\/div>\n\t\t\t\t<\/div>\n\t\t\t\t\t<\/div>\n\t\t\t\t<\/div>\n\t\t<div class=\"elementor-element elementor-element-5f15bbba e-flex e-con-boxed e-con e-parent\" data-id=\"5f15bbba\" data-element_type=\"container\" data-e-type=\"container\" data-settings=\"{&quot;jet_parallax_layout_list&quot;:[]}\">\n\t\t\t\t\t<div class=\"e-con-inner\">\n\t\t\t\t<div class=\"elementor-element elementor-element-6e6246e0 elementor-widget elementor-widget-menu-anchor\" data-id=\"6e6246e0\" data-element_type=\"widget\" data-e-type=\"widget\" data-widget_type=\"menu-anchor.default\">\n\t\t\t\t<div class=\"elementor-widget-container\">\n\t\t\t\t\t\t\t<div class=\"elementor-menu-anchor\" id=\"strategieopendata\"><\/div>\n\t\t\t\t\t\t<\/div>\n\t\t\t\t<\/div>\n\t\t\t\t<div class=\"elementor-element elementor-element-5dc9990 elementor-widget elementor-widget-heading\" data-id=\"5dc9990\" data-element_type=\"widget\" data-e-type=\"widget\" data-widget_type=\"heading.default\">\n\t\t\t\t<div class=\"elementor-widget-container\">\n\t\t\t\t\t<h2 class=\"elementor-heading-title elementor-size-default\">Strat\u00e9gie Open Data \u2013 Publication des m\u00e9tadonn\u00e9es de la plateforme de biblioth\u00e8ques swisscovery<\/h2>\t\t\t\t<\/div>\n\t\t\t\t<\/div>\n\t\t\t\t<div class=\"elementor-element elementor-element-4cb95a98 textlink elementor-widget elementor-widget-text-editor\" data-id=\"4cb95a98\" data-element_type=\"widget\" data-e-type=\"widget\" data-widget_type=\"text-editor.default\">\n\t\t\t\t<div class=\"elementor-widget-container\">\n\t\t\t\t\t\t\t\t\t<p>Selon la situation juridique actuelle, les m\u00e9tadonn\u00e9es bibliographiques de swisscovery qui ne sont pas sp\u00e9cifiquement marqu\u00e9es sont libres pour une utilisation g\u00e9n\u00e9rale.<\/p>\n<p>Bien que les membres de la SLSP aient veill\u00e9 avec le plus grand soin \u00e0 l\u2019exactitude des informations publi\u00e9es, aucune responsabilit\u00e9 ne peut \u00eatre endoss\u00e9e quant \u00e0 l\u2019exactitude, la pr\u00e9cision, l\u2019actualit\u00e9, la fiabilit\u00e9 et l\u2019exhaustivit\u00e9 du contenu de ces donn\u00e9es.<\/p>\n<p>Les recours en responsabilit\u00e9 contre SLSP SA ou les biblioth\u00e8ques affili\u00e9es \u00e0 SLSP pour des dommages mat\u00e9riels ou immat\u00e9riels r\u00e9sultant de l\u2019acc\u00e8s aux donn\u00e9es publi\u00e9es, de l\u2019utilisation ou non-utilisation de celles-ci, d\u2019un usage abusif de la connexion ou de dysfonctionnements techniques sont exclus.<\/p>\n\t\t\t\t\t\t\t\t<\/div>\n\t\t\t\t<\/div>\n\t\t\t\t\t<\/div>\n\t\t\t\t<\/div>\n\t\t\t\t<\/div>\n\t\t","protected":false},"excerpt":{"rendered":"<p>Utilisation des m\u00e9tadonn\u00e9es SLSP Les m\u00e9tadonn\u00e9es SLSP sont accessibles via swisscovery ou les interfaces SRU et Z39.50. SRU Strat\u00e9gie Open Data Interface SRU https:\/\/swisscovery.slsp.ch\/view\/sru\/41SLSP_NETWORK?version=1.2&amp;operation=explain Z39.50: Host: slsp-network.alma.exlibrisgroup.com Port: 1921 Database name: 41SLSP_NETWORK Username: leave empty \/ not necessary Password: leave empty \/ not necessary Syntax: MARC21 Charset: UTF8 Supported search attributes: Term (1016, 1017), Author [&hellip;]<\/p>\n","protected":false},"author":1,"featured_media":0,"parent":0,"menu_order":4,"comment_status":"closed","ping_status":"closed","template":"","meta":{"footnotes":""},"class_list":["post-1282","page","type-page","status-publish","hentry"],"_links":{"self":[{"href":"https:\/\/slsp.ch\/fr\/wp-json\/wp\/v2\/pages\/1282","targetHints":{"allow":["GET"]}}],"collection":[{"href":"https:\/\/slsp.ch\/fr\/wp-json\/wp\/v2\/pages"}],"about":[{"href":"https:\/\/slsp.ch\/fr\/wp-json\/wp\/v2\/types\/page"}],"author":[{"embeddable":true,"href":"https:\/\/slsp.ch\/fr\/wp-json\/wp\/v2\/users\/1"}],"replies":[{"embeddable":true,"href":"https:\/\/slsp.ch\/fr\/wp-json\/wp\/v2\/comments?post=1282"}],"version-history":[{"count":5,"href":"https:\/\/slsp.ch\/fr\/wp-json\/wp\/v2\/pages\/1282\/revisions"}],"predecessor-version":[{"id":5032,"href":"https:\/\/slsp.ch\/fr\/wp-json\/wp\/v2\/pages\/1282\/revisions\/5032"}],"wp:attachment":[{"href":"https:\/\/slsp.ch\/fr\/wp-json\/wp\/v2\/media?parent=1282"}],"curies":[{"name":"wp","href":"https:\/\/api.w.org\/{rel}","templated":true}]}}