{"id":1317,"date":"2023-11-27T15:48:23","date_gmt":"2023-11-27T14:48:23","guid":{"rendered":"https:\/\/slsp.ch\/mentions-legales\/"},"modified":"2025-03-14T13:07:19","modified_gmt":"2025-03-14T12:07:19","slug":"mentions-legales","status":"publish","type":"page","link":"https:\/\/slsp.ch\/fr\/mentions-legales\/","title":{"rendered":"Mentions l\u00e9gales"},"content":{"rendered":"\t\t<div data-elementor-type=\"wp-page\" data-elementor-id=\"1317\" class=\"elementor elementor-1317 elementor-472\" data-elementor-post-type=\"page\">\n\t\t\t\t<div class=\"elementor-element elementor-element-681517fa e-flex e-con-boxed e-con e-parent\" data-id=\"681517fa\" data-element_type=\"container\" data-e-type=\"container\" data-settings=\"{&quot;jet_parallax_layout_list&quot;:[]}\">\n\t\t\t\t\t<div class=\"e-con-inner\">\n\t\t\t\t<div class=\"elementor-element elementor-element-7ef9b0cd elementor-widget elementor-widget-heading\" data-id=\"7ef9b0cd\" data-element_type=\"widget\" data-e-type=\"widget\" data-widget_type=\"heading.default\">\n\t\t\t\t<div class=\"elementor-widget-container\">\n\t\t\t\t\t<h1 class=\"elementor-heading-title elementor-size-default\">Mentions l\u00e9gales<\/h1>\t\t\t\t<\/div>\n\t\t\t\t<\/div>\n\t\t\t\t<div class=\"elementor-element elementor-element-466f15d elementor-widget elementor-widget-text-editor\" data-id=\"466f15d\" data-element_type=\"widget\" data-e-type=\"widget\" data-widget_type=\"text-editor.default\">\n\t\t\t\t<div class=\"elementor-widget-container\">\n\t\t\t\t\t\t\t\t\t<p><strong>Adresse de contact<\/strong><br \/>SLSP AG<br \/>Kasernenstrasse 77 A\/B<br \/>8004 Z\u00fcrich<\/p><p><strong>Inscription au registre du commerce<\/strong><br \/>Raison sociale enregistr\u00e9e: SLSP Swiss Library Service Platform SA<br \/>Num\u00e9ro IDE: CHE-356.184.959<br \/>Office du registre du commerce: Canton de Zurich<\/p><p><strong>Num\u00e9ro de TVA<\/strong><br \/>CHE-356.184.959<\/p>\t\t\t\t\t\t\t\t<\/div>\n\t\t\t\t<\/div>\n\t\t<div class=\"elementor-element elementor-element-1f82cc56 e-flex e-con-boxed e-con e-child\" data-id=\"1f82cc56\" data-element_type=\"container\" data-e-type=\"container\" data-settings=\"{&quot;background_background&quot;:&quot;classic&quot;,&quot;jet_parallax_layout_list&quot;:[]}\">\n\t\t\t\t\t<div class=\"e-con-inner\">\n\t\t\t\t\t<\/div>\n\t\t\t\t<\/div>\n\t\t\t\t\t<\/div>\n\t\t\t\t<\/div>\n\t\t\t\t<\/div>\n\t\t","protected":false},"excerpt":{"rendered":"<p>Mentions l\u00e9gales Adresse de contactSLSP AGKasernenstrasse 77 A\/B8004 Z\u00fcrich Inscription au registre du commerceRaison sociale enregistr\u00e9e: SLSP Swiss Library Service Platform SANum\u00e9ro IDE: CHE-356.184.959Office du registre du commerce: Canton de Zurich Num\u00e9ro de TVACHE-356.184.959<\/p>\n","protected":false},"author":1,"featured_media":0,"parent":0,"menu_order":0,"comment_status":"closed","ping_status":"closed","template":"","meta":{"footnotes":""},"class_list":["post-1317","page","type-page","status-publish","hentry"],"_links":{"self":[{"href":"https:\/\/slsp.ch\/fr\/wp-json\/wp\/v2\/pages\/1317","targetHints":{"allow":["GET"]}}],"collection":[{"href":"https:\/\/slsp.ch\/fr\/wp-json\/wp\/v2\/pages"}],"about":[{"href":"https:\/\/slsp.ch\/fr\/wp-json\/wp\/v2\/types\/page"}],"author":[{"embeddable":true,"href":"https:\/\/slsp.ch\/fr\/wp-json\/wp\/v2\/users\/1"}],"replies":[{"embeddable":true,"href":"https:\/\/slsp.ch\/fr\/wp-json\/wp\/v2\/comments?post=1317"}],"version-history":[{"count":10,"href":"https:\/\/slsp.ch\/fr\/wp-json\/wp\/v2\/pages\/1317\/revisions"}],"predecessor-version":[{"id":7768,"href":"https:\/\/slsp.ch\/fr\/wp-json\/wp\/v2\/pages\/1317\/revisions\/7768"}],"wp:attachment":[{"href":"https:\/\/slsp.ch\/fr\/wp-json\/wp\/v2\/media?parent=1317"}],"curies":[{"name":"wp","href":"https:\/\/api.w.org\/{rel}","templated":true}]}}