{"id":1426,"date":"2023-11-28T09:00:42","date_gmt":"2023-11-28T08:00:42","guid":{"rendered":"https:\/\/slsp.ch\/protection-des-donnees-slsp\/"},"modified":"2025-08-11T10:01:40","modified_gmt":"2025-08-11T08:01:40","slug":"protection-des-donnees-slsp","status":"publish","type":"page","link":"https:\/\/slsp.ch\/fr\/protection-des-donnees-slsp\/","title":{"rendered":"Protection des donn\u00e9es"},"content":{"rendered":"\t\t<div data-elementor-type=\"wp-page\" data-elementor-id=\"1426\" class=\"elementor elementor-1426 elementor-474\" data-elementor-post-type=\"page\">\n\t\t\t\t<div class=\"elementor-element elementor-element-594e8902 e-flex e-con-boxed e-con e-parent\" data-id=\"594e8902\" data-element_type=\"container\" data-e-type=\"container\" data-settings=\"{&quot;jet_parallax_layout_list&quot;:[]}\">\n\t\t\t\t\t<div class=\"e-con-inner\">\n\t\t\t\t<div class=\"elementor-element elementor-element-56966b3b elementor-widget elementor-widget-heading\" data-id=\"56966b3b\" data-element_type=\"widget\" data-e-type=\"widget\" data-widget_type=\"heading.default\">\n\t\t\t\t<div class=\"elementor-widget-container\">\n\t\t\t\t\t<h1 class=\"elementor-heading-title elementor-size-default\">Protection des donn\u00e9es<\/h1>\t\t\t\t<\/div>\n\t\t\t\t<\/div>\n\t\t<div class=\"elementor-element elementor-element-02c0c28 e-con-full e-flex e-con e-child\" data-id=\"02c0c28\" data-element_type=\"container\" data-e-type=\"container\" data-settings=\"{&quot;jet_parallax_layout_list&quot;:[]}\">\n\t\t\t\t<div class=\"elementor-element elementor-element-7335777 elementor-widget__width-inherit elementor-widget elementor-widget-menu-anchor\" data-id=\"7335777\" data-element_type=\"widget\" data-e-type=\"widget\" data-widget_type=\"menu-anchor.default\">\n\t\t\t\t<div class=\"elementor-widget-container\">\n\t\t\t\t\t\t\t<div class=\"elementor-menu-anchor\" id=\"wer\"><\/div>\n\t\t\t\t\t\t<\/div>\n\t\t\t\t<\/div>\n\t\t\t\t<div class=\"elementor-element elementor-element-109bb5d elementor-widget__width-inherit elementor-widget elementor-widget-heading\" data-id=\"109bb5d\" data-element_type=\"widget\" data-e-type=\"widget\" data-widget_type=\"heading.default\">\n\t\t\t\t<div class=\"elementor-widget-container\">\n\t\t\t\t\t<h2 class=\"elementor-heading-title elementor-size-default\">D\u00e9clarations de protection des donn\u00e9es<\/h2>\t\t\t\t<\/div>\n\t\t\t\t<\/div>\n\t\t\t\t<div class=\"elementor-element elementor-element-5882057 elementor-widget__width-inherit textlink elementor-widget elementor-widget-text-editor\" data-id=\"5882057\" data-element_type=\"widget\" data-e-type=\"widget\" data-widget_type=\"text-editor.default\">\n\t\t\t\t<div class=\"elementor-widget-container\">\n\t\t\t\t\t\t\t\t\t<p>Vous trouverez sur cette page les d\u00e9clarations relatives \u00e0 la protection des donn\u00e9es pour SLSP AG, pour swisscovery, pour ce site web ainsi que la clause de non-responsabilit\u00e9.<\/p>\t\t\t\t\t\t\t\t<\/div>\n\t\t\t\t<\/div>\n\t\t<div class=\"elementor-element elementor-element-5ed9cc6 e-con-full e-flex e-con e-child\" data-id=\"5ed9cc6\" data-element_type=\"container\" data-e-type=\"container\" data-settings=\"{&quot;jet_parallax_layout_list&quot;:[]}\">\n\t\t\t\t<div class=\"elementor-element elementor-element-4e4573d button elementor-widget elementor-widget-button\" data-id=\"4e4573d\" data-element_type=\"widget\" data-e-type=\"widget\" data-widget_type=\"button.default\">\n\t\t\t\t<div class=\"elementor-widget-container\">\n\t\t\t\t\t\t\t\t\t<div class=\"elementor-button-wrapper\">\n\t\t\t\t\t<a class=\"elementor-button elementor-button-link elementor-size-sm\" href=\"#DSSLSPAG\">\n\t\t\t\t\t\t<span class=\"elementor-button-content-wrapper\">\n\t\t\t\t\t\t<span class=\"elementor-button-icon\">\n\t\t\t\t<svg xmlns=\"http:\/\/www.w3.org\/2000\/svg\" xmlns:xlink=\"http:\/\/www.w3.org\/1999\/xlink\" id=\"Ebene_1\" x=\"0px\" y=\"0px\" viewBox=\"0 0 42 42\" style=\"enable-background:new 0 0 42 42;\" xml:space=\"preserve\"><style type=\"text\/css\">\t.st1{fill:none;stroke:#4E4A99;stroke-width:2;stroke-linecap:square;}<\/style><path class=\"st1\" d=\"M10.5,21h19.6 M32.4,21L21.9,10.5 M32.4,21L21.9,31.5\"><\/path><\/svg>\t\t\t<\/span>\n\t\t\t\t\t\t\t\t\t<span class=\"elementor-button-text\">D\u00e9claration de protection des donn\u00e9es SLSP SA<\/span>\n\t\t\t\t\t<\/span>\n\t\t\t\t\t<\/a>\n\t\t\t\t<\/div>\n\t\t\t\t\t\t\t\t<\/div>\n\t\t\t\t<\/div>\n\t\t\t\t<div class=\"elementor-element elementor-element-f5299c1 button elementor-widget elementor-widget-button\" data-id=\"f5299c1\" data-element_type=\"widget\" data-e-type=\"widget\" data-widget_type=\"button.default\">\n\t\t\t\t<div class=\"elementor-widget-container\">\n\t\t\t\t\t\t\t\t\t<div class=\"elementor-button-wrapper\">\n\t\t\t\t\t<a class=\"elementor-button elementor-button-link elementor-size-sm\" href=\"#DSs\">\n\t\t\t\t\t\t<span class=\"elementor-button-content-wrapper\">\n\t\t\t\t\t\t<span class=\"elementor-button-icon\">\n\t\t\t\t<svg xmlns=\"http:\/\/www.w3.org\/2000\/svg\" xmlns:xlink=\"http:\/\/www.w3.org\/1999\/xlink\" id=\"Ebene_1\" x=\"0px\" y=\"0px\" viewBox=\"0 0 42 42\" style=\"enable-background:new 0 0 42 42;\" xml:space=\"preserve\"><style type=\"text\/css\">\t.st1{fill:none;stroke:#4E4A99;stroke-width:2;stroke-linecap:square;}<\/style><path class=\"st1\" d=\"M10.5,21h19.6 M32.4,21L21.9,10.5 M32.4,21L21.9,31.5\"><\/path><\/svg>\t\t\t<\/span>\n\t\t\t\t\t\t\t\t\t<span class=\"elementor-button-text\">D\u00e9claration de protection des donn\u00e9es swisscovery<\/span>\n\t\t\t\t\t<\/span>\n\t\t\t\t\t<\/a>\n\t\t\t\t<\/div>\n\t\t\t\t\t\t\t\t<\/div>\n\t\t\t\t<\/div>\n\t\t\t\t<div class=\"elementor-element elementor-element-842cd2c button elementor-widget elementor-widget-button\" data-id=\"842cd2c\" data-element_type=\"widget\" data-e-type=\"widget\" data-widget_type=\"button.default\">\n\t\t\t\t<div class=\"elementor-widget-container\">\n\t\t\t\t\t\t\t\t\t<div class=\"elementor-button-wrapper\">\n\t\t\t\t\t<a class=\"elementor-button elementor-button-link elementor-size-sm\" href=\"#DatenschutzWebsite\">\n\t\t\t\t\t\t<span class=\"elementor-button-content-wrapper\">\n\t\t\t\t\t\t<span class=\"elementor-button-icon\">\n\t\t\t\t<svg xmlns=\"http:\/\/www.w3.org\/2000\/svg\" xmlns:xlink=\"http:\/\/www.w3.org\/1999\/xlink\" id=\"Ebene_1\" x=\"0px\" y=\"0px\" viewBox=\"0 0 42 42\" style=\"enable-background:new 0 0 42 42;\" xml:space=\"preserve\"><style type=\"text\/css\">\t.st1{fill:none;stroke:#4E4A99;stroke-width:2;stroke-linecap:square;}<\/style><path class=\"st1\" d=\"M10.5,21h19.6 M32.4,21L21.9,10.5 M32.4,21L21.9,31.5\"><\/path><\/svg>\t\t\t<\/span>\n\t\t\t\t\t\t\t\t\t<span class=\"elementor-button-text\">Protection des donn\u00e9es<\/span>\n\t\t\t\t\t<\/span>\n\t\t\t\t\t<\/a>\n\t\t\t\t<\/div>\n\t\t\t\t\t\t\t\t<\/div>\n\t\t\t\t<\/div>\n\t\t\t\t<div class=\"elementor-element elementor-element-92b8758 button elementor-widget elementor-widget-button\" data-id=\"92b8758\" data-element_type=\"widget\" data-e-type=\"widget\" data-widget_type=\"button.default\">\n\t\t\t\t<div class=\"elementor-widget-container\">\n\t\t\t\t\t\t\t\t\t<div class=\"elementor-button-wrapper\">\n\t\t\t\t\t<a class=\"elementor-button elementor-button-link elementor-size-sm\" href=\"#Disclaimer\">\n\t\t\t\t\t\t<span class=\"elementor-button-content-wrapper\">\n\t\t\t\t\t\t<span class=\"elementor-button-icon\">\n\t\t\t\t<svg xmlns=\"http:\/\/www.w3.org\/2000\/svg\" xmlns:xlink=\"http:\/\/www.w3.org\/1999\/xlink\" id=\"Ebene_1\" x=\"0px\" y=\"0px\" viewBox=\"0 0 42 42\" style=\"enable-background:new 0 0 42 42;\" xml:space=\"preserve\"><style type=\"text\/css\">\t.st1{fill:none;stroke:#4E4A99;stroke-width:2;stroke-linecap:square;}<\/style><path class=\"st1\" d=\"M10.5,21h19.6 M32.4,21L21.9,10.5 M32.4,21L21.9,31.5\"><\/path><\/svg>\t\t\t<\/span>\n\t\t\t\t\t\t\t\t\t<span class=\"elementor-button-text\">Disclaimer<\/span>\n\t\t\t\t\t<\/span>\n\t\t\t\t\t<\/a>\n\t\t\t\t<\/div>\n\t\t\t\t\t\t\t\t<\/div>\n\t\t\t\t<\/div>\n\t\t\t\t<\/div>\n\t\t\t\t<\/div>\n\t\t\t\t\t<\/div>\n\t\t\t\t<\/div>\n\t\t<div class=\"elementor-element elementor-element-42483882 e-flex e-con-boxed e-con e-parent\" data-id=\"42483882\" data-element_type=\"container\" data-e-type=\"container\" data-settings=\"{&quot;jet_parallax_layout_list&quot;:[]}\">\n\t\t\t\t\t<div class=\"e-con-inner\">\n\t\t\t\t<div class=\"elementor-element elementor-element-a56a582 elementor-widget__width-inherit elementor-widget elementor-widget-menu-anchor\" data-id=\"a56a582\" data-element_type=\"widget\" data-e-type=\"widget\" data-widget_type=\"menu-anchor.default\">\n\t\t\t\t<div class=\"elementor-widget-container\">\n\t\t\t\t\t\t\t<div class=\"elementor-menu-anchor\" id=\"DSSLSPAG\"><\/div>\n\t\t\t\t\t\t<\/div>\n\t\t\t\t<\/div>\n\t\t\t\t<div class=\"elementor-element elementor-element-49d25390 elementor-widget elementor-widget-heading\" data-id=\"49d25390\" data-element_type=\"widget\" data-e-type=\"widget\" data-widget_type=\"heading.default\">\n\t\t\t\t<div class=\"elementor-widget-container\">\n\t\t\t\t\t<h2 class=\"elementor-heading-title elementor-size-default\">D\u00e9claration de protection des donn\u00e9es SLSP SA<\/h2>\t\t\t\t<\/div>\n\t\t\t\t<\/div>\n\t\t\t\t<div class=\"elementor-element elementor-element-58da8dab textlink elementor-widget elementor-widget-text-editor\" data-id=\"58da8dab\" data-element_type=\"widget\" data-e-type=\"widget\" data-widget_type=\"text-editor.default\">\n\t\t\t\t<div class=\"elementor-widget-container\">\n\t\t\t\t\t\t\t\t\t<p style=\"font-weight: 400;\">La pr\u00e9sente d\u00e9claration de confidentialit\u00e9 explique comment et \u00e0 quelles fins SLSP AG collecte et traite les donn\u00e9es personnelles. Cette d\u00e9claration n&rsquo;est pas exhaustive, car d&rsquo;autres documents, tels que les conditions d&rsquo;utilisation ou les d\u00e9clarations de confidentialit\u00e9 sp\u00e9cifiques (par exemple pour les employ\u00e9\u00b7x\u00b7e\u00b7s ou les candidat\u00b7x\u00b7e\u00b7s), peuvent \u00e9galement contenir des informations sur le traitement des donn\u00e9es.<\/p>\t\t\t\t\t\t\t\t<\/div>\n\t\t\t\t<\/div>\n\t\t\t\t<div class=\"elementor-element elementor-element-802db88 elementor-widget elementor-widget-button\" data-id=\"802db88\" data-element_type=\"widget\" data-e-type=\"widget\" data-widget_type=\"button.default\">\n\t\t\t\t<div class=\"elementor-widget-container\">\n\t\t\t\t\t\t\t\t\t<div class=\"elementor-button-wrapper\">\n\t\t\t\t\t<a class=\"elementor-button elementor-button-link elementor-size-sm\" href=\"https:\/\/slsp.ch\/wp-content\/uploads\/2025\/07\/SLSP_Datenschutzerklaerung_Juni2025-672787-FR.pdf\">\n\t\t\t\t\t\t<span class=\"elementor-button-content-wrapper\">\n\t\t\t\t\t\t\t\t\t<span class=\"elementor-button-text\">Charger la d\u00e9claration de protection des donn\u00e9es<\/span>\n\t\t\t\t\t<\/span>\n\t\t\t\t\t<\/a>\n\t\t\t\t<\/div>\n\t\t\t\t\t\t\t\t<\/div>\n\t\t\t\t<\/div>\n\t\t\t\t<div class=\"elementor-element elementor-element-90decbb elementor-widget__width-inherit elementor-widget elementor-widget-menu-anchor\" data-id=\"90decbb\" data-element_type=\"widget\" data-e-type=\"widget\" data-widget_type=\"menu-anchor.default\">\n\t\t\t\t<div class=\"elementor-widget-container\">\n\t\t\t\t\t\t\t<div class=\"elementor-menu-anchor\" id=\"DSs\"><\/div>\n\t\t\t\t\t\t<\/div>\n\t\t\t\t<\/div>\n\t\t\t\t<div class=\"elementor-element elementor-element-165384b elementor-widget elementor-widget-heading\" data-id=\"165384b\" data-element_type=\"widget\" data-e-type=\"widget\" data-widget_type=\"heading.default\">\n\t\t\t\t<div class=\"elementor-widget-container\">\n\t\t\t\t\t<h2 class=\"elementor-heading-title elementor-size-default\">D\u00e9claration de protection des donn\u00e9es swisscovery<\/h2>\t\t\t\t<\/div>\n\t\t\t\t<\/div>\n\t\t\t\t<div class=\"elementor-element elementor-element-dfb30d6 textlink elementor-widget elementor-widget-text-editor\" data-id=\"dfb30d6\" data-element_type=\"widget\" data-e-type=\"widget\" data-widget_type=\"text-editor.default\">\n\t\t\t\t<div class=\"elementor-widget-container\">\n\t\t\t\t\t\t\t\t\t<p style=\"font-weight: 400;\">La pr\u00e9sente d\u00e9claration de confidentialit\u00e9 explique la mani\u00e8re dont les donn\u00e9es \u00e0 caract\u00e8re personnel sont trait\u00e9es dans le cadre de l&rsquo;utilisation de swisscovery, la plateforme de recherche de plus de 500 biblioth\u00e8ques scientifiques en Suisse. Swisscovery est exploit\u00e9e par SLSP Swiss Library Service Platform AG (Kasernenstrasse 77 A\/B, 8004 Zurich ; ci-apr\u00e8s \u00ab SLSP \u00bb) pour le compte des biblioth\u00e8ques affili\u00e9es, et repose sur les produits Alma et Primo VE de Clarivate\/Ex Libris. Si SLSP traite des donn\u00e9es personnelles dans ce contexte, elle agit en tant que sous-traitante. La pr\u00e9sente d\u00e9claration de confidentialit\u00e9 s&rsquo;applique \u00e0 tout\u00b7x\u00b7e\u00b7s \u00a0les utilisateur\u00b7x\u00b7trice\u00b7s qui s&rsquo;inscrivent sur swisscovery ou utilisent le portail.<\/p>\t\t\t\t\t\t\t\t<\/div>\n\t\t\t\t<\/div>\n\t\t\t\t<div class=\"elementor-element elementor-element-8ea3b28 elementor-widget elementor-widget-button\" data-id=\"8ea3b28\" data-element_type=\"widget\" data-e-type=\"widget\" data-widget_type=\"button.default\">\n\t\t\t\t<div class=\"elementor-widget-container\">\n\t\t\t\t\t\t\t\t\t<div class=\"elementor-button-wrapper\">\n\t\t\t\t\t<a class=\"elementor-button elementor-button-link elementor-size-sm\" href=\"https:\/\/slsp.ch\/wp-content\/uploads\/2025\/07\/SLSP_swisscovery_Datenschutzerklaerung_Juni2025_fre-1.pdf\">\n\t\t\t\t\t\t<span class=\"elementor-button-content-wrapper\">\n\t\t\t\t\t\t\t\t\t<span class=\"elementor-button-text\">Charger la d\u00e9claration de protection des donn\u00e9es<\/span>\n\t\t\t\t\t<\/span>\n\t\t\t\t\t<\/a>\n\t\t\t\t<\/div>\n\t\t\t\t\t\t\t\t<\/div>\n\t\t\t\t<\/div>\n\t\t\t\t<div class=\"elementor-element elementor-element-3355e8e elementor-widget__width-inherit elementor-widget elementor-widget-menu-anchor\" data-id=\"3355e8e\" data-element_type=\"widget\" data-e-type=\"widget\" data-widget_type=\"menu-anchor.default\">\n\t\t\t\t<div class=\"elementor-widget-container\">\n\t\t\t\t\t\t\t<div class=\"elementor-menu-anchor\" id=\"DatenschutzWebsite\"><\/div>\n\t\t\t\t\t\t<\/div>\n\t\t\t\t<\/div>\n\t\t\t\t<div class=\"elementor-element elementor-element-42d80dd6 elementor-widget elementor-widget-heading\" data-id=\"42d80dd6\" data-element_type=\"widget\" data-e-type=\"widget\" data-widget_type=\"heading.default\">\n\t\t\t\t<div class=\"elementor-widget-container\">\n\t\t\t\t\t<h2 class=\"elementor-heading-title elementor-size-default\">Protection des donn\u00e9es<\/h2>\t\t\t\t<\/div>\n\t\t\t\t<\/div>\n\t\t\t\t<div class=\"elementor-element elementor-element-4d62a394 textlink elementor-widget elementor-widget-text-editor\" data-id=\"4d62a394\" data-element_type=\"widget\" data-e-type=\"widget\" data-widget_type=\"text-editor.default\">\n\t\t\t\t<div class=\"elementor-widget-container\">\n\t\t\t\t\t\t\t\t\t<p>Conform\u00e9ment \u00e0 l\u2019article 13 de la Constitution f\u00e9d\u00e9rale et aux dispositions relatives \u00e0 la protection des donn\u00e9es de la Conf\u00e9d\u00e9ration (loi sur la protection des donn\u00e9es, LPD), toute personne a droit \u00e0 la protection de sa sph\u00e8re priv\u00e9e ainsi qu\u2019\u00e0 la protection contre l\u2019emploi abusif des donn\u00e9es qui la concernent. Nous respectons ces dispositions. Toutes les donn\u00e9es personnelles sont trait\u00e9es de fa\u00e7on strictement confidentielle et ne sont pas transmises \u00e0 des tiers non autoris\u00e9s. Nous prot\u00e9geons les donn\u00e9es personnelles que nous traitons par des mesures techniques et organisationnelles appropri\u00e9es contre toute perte de confidentialit\u00e9, d\u2019int\u00e9grit\u00e9 et de disponibilit\u00e9.<\/p>\n\t\t\t\t\t\t\t\t<\/div>\n\t\t\t\t<\/div>\n\t\t\t\t<div class=\"elementor-element elementor-element-896d988 elementor-widget__width-inherit elementor-widget elementor-widget-menu-anchor\" data-id=\"896d988\" data-element_type=\"widget\" data-e-type=\"widget\" data-widget_type=\"menu-anchor.default\">\n\t\t\t\t<div class=\"elementor-widget-container\">\n\t\t\t\t\t\t\t<div class=\"elementor-menu-anchor\" id=\"Disclaimer\"><\/div>\n\t\t\t\t\t\t<\/div>\n\t\t\t\t<\/div>\n\t\t\t\t<div class=\"elementor-element elementor-element-7bfd2b3 elementor-widget elementor-widget-heading\" data-id=\"7bfd2b3\" data-element_type=\"widget\" data-e-type=\"widget\" data-widget_type=\"heading.default\">\n\t\t\t\t<div class=\"elementor-widget-container\">\n\t\t\t\t\t<h2 class=\"elementor-heading-title elementor-size-default\">Disclaimer<\/h2>\t\t\t\t<\/div>\n\t\t\t\t<\/div>\n\t\t\t\t<div class=\"elementor-element elementor-element-d81d49a textlink elementor-widget elementor-widget-text-editor\" data-id=\"d81d49a\" data-element_type=\"widget\" data-e-type=\"widget\" data-widget_type=\"text-editor.default\">\n\t\t\t\t<div class=\"elementor-widget-container\">\n\t\t\t\t\t\t\t\t\t<h3>Exclusion de responsabilit\u00e9:<\/h3>\n<p>Bien que les contenus de ce site web soient \u00e9tablis avec le plus grand soin, la SLSP SA ne garantit pas la v\u00e9racit\u00e9, l\u2019exactitude, l\u2019actualit\u00e9, la fiabilit\u00e9 et l\u2019int\u00e9gralit\u00e9 des informations publi\u00e9es.<\/p>\n<h3>Responsabilit\u00e9 des liens:<\/h3>\n<p>Les r\u00e9f\u00e9rences et les liens disponibles sur les sites web de tiers ne font pas partie de la domaine de responsabilit\u00e9 de la SLSP SA. Toute forme de responsabilit\u00e9 \u00e0 l\u2019\u00e9gard de tels sites web est rejet\u00e9e. L\u2019acc\u00e8s et l\u2019utilisation de tels sites web se font au propre risque de l\u2019utilisateur-x-trice.<\/p>\n<h3>Droits d\u2019auteur-x-trice:<\/h3>\n<p>Les droits d\u2019auteur et tous les autres droits relatifs aux contenus, aux images, aux photos ou aux autres fichiers sur le site web sont la propri\u00e9t\u00e9 exclusive de la SLSP SA. Il est n\u00e9cessaire de se procurer au pr\u00e9alable l\u2019accord \u00e9crit du porteur de droit d\u2019auteur avant de faire la reproduction d\u2019un \u00e9l\u00e9ment quelconque.<\/p>\n\t\t\t\t\t\t\t\t<\/div>\n\t\t\t\t<\/div>\n\t\t\t\t\t<\/div>\n\t\t\t\t<\/div>\n\t\t\t\t<\/div>\n\t\t","protected":false},"excerpt":{"rendered":"<p>Protection des donn\u00e9es D\u00e9clarations de protection des donn\u00e9es Vous trouverez sur cette page les d\u00e9clarations relatives \u00e0 la protection des donn\u00e9es pour SLSP AG, pour swisscovery, pour ce site web ainsi que la clause de non-responsabilit\u00e9. D\u00e9claration de protection des donn\u00e9es SLSP SA D\u00e9claration de protection des donn\u00e9es swisscovery Protection des donn\u00e9es Disclaimer D\u00e9claration de [&hellip;]<\/p>\n","protected":false},"author":1,"featured_media":0,"parent":0,"menu_order":0,"comment_status":"closed","ping_status":"closed","template":"","meta":{"footnotes":""},"class_list":["post-1426","page","type-page","status-publish","hentry"],"_links":{"self":[{"href":"https:\/\/slsp.ch\/fr\/wp-json\/wp\/v2\/pages\/1426","targetHints":{"allow":["GET"]}}],"collection":[{"href":"https:\/\/slsp.ch\/fr\/wp-json\/wp\/v2\/pages"}],"about":[{"href":"https:\/\/slsp.ch\/fr\/wp-json\/wp\/v2\/types\/page"}],"author":[{"embeddable":true,"href":"https:\/\/slsp.ch\/fr\/wp-json\/wp\/v2\/users\/1"}],"replies":[{"embeddable":true,"href":"https:\/\/slsp.ch\/fr\/wp-json\/wp\/v2\/comments?post=1426"}],"version-history":[{"count":24,"href":"https:\/\/slsp.ch\/fr\/wp-json\/wp\/v2\/pages\/1426\/revisions"}],"predecessor-version":[{"id":8257,"href":"https:\/\/slsp.ch\/fr\/wp-json\/wp\/v2\/pages\/1426\/revisions\/8257"}],"wp:attachment":[{"href":"https:\/\/slsp.ch\/fr\/wp-json\/wp\/v2\/media?parent=1426"}],"curies":[{"name":"wp","href":"https:\/\/api.w.org\/{rel}","templated":true}]}}