{"id":2765,"date":"2024-01-04T12:00:56","date_gmt":"2024-01-04T11:00:56","guid":{"rendered":"https:\/\/slsp.ch\/joindre-swisscovery\/"},"modified":"2024-04-17T10:55:32","modified_gmt":"2024-04-17T08:55:32","slug":"joindre-swisscovery","status":"publish","type":"page","link":"https:\/\/slsp.ch\/fr\/joindre-swisscovery\/","title":{"rendered":"Rejoindre swisscovery"},"content":{"rendered":"\t\t<div data-elementor-type=\"wp-page\" data-elementor-id=\"2765\" class=\"elementor elementor-2765 elementor-1548\" data-elementor-post-type=\"page\">\n\t\t\t\t<div class=\"elementor-element elementor-element-1d413989 e-flex e-con-boxed e-con e-parent\" data-id=\"1d413989\" data-element_type=\"container\" data-e-type=\"container\" data-settings=\"{&quot;jet_parallax_layout_list&quot;:[]}\">\n\t\t\t\t\t<div class=\"e-con-inner\">\n\t\t\t\t<div class=\"elementor-element elementor-element-3d358337 elementor-widget elementor-widget-heading\" data-id=\"3d358337\" data-element_type=\"widget\" data-e-type=\"widget\" data-widget_type=\"heading.default\">\n\t\t\t\t<div class=\"elementor-widget-container\">\n\t\t\t\t\t<h1 class=\"elementor-heading-title elementor-size-default\">Rejoindre swisscovery<\/h1>\t\t\t\t<\/div>\n\t\t\t\t<\/div>\n\t\t\t\t<div class=\"elementor-element elementor-element-6fb85b7c textlink elementor-widget elementor-widget-text-editor\" data-id=\"6fb85b7c\" data-element_type=\"widget\" data-e-type=\"widget\" data-widget_type=\"text-editor.default\">\n\t\t\t\t<div class=\"elementor-widget-container\">\n\t\t\t\t\t\t\t\t\t<p style=\"font-weight: 400;\">Vous souhaitez adh\u00e9rer \u00e0 swisscovery avec votre biblioth\u00e8que et utiliser les services de SLSP ? Ou vous avez des questions sur les services de SLSP ? Nous nous r\u00e9jouissons que vous preniez contact avec nous.<\/p>\t\t\t\t\t\t\t\t<\/div>\n\t\t\t\t<\/div>\n\t\t\t\t\t<\/div>\n\t\t\t\t<\/div>\n\t\t<div class=\"elementor-element elementor-element-3ede95ad e-flex e-con-boxed e-con e-parent\" data-id=\"3ede95ad\" data-element_type=\"container\" data-e-type=\"container\" data-settings=\"{&quot;jet_parallax_layout_list&quot;:[]}\">\n\t\t\t\t\t<div class=\"e-con-inner\">\n\t\t\t\t<div class=\"elementor-element elementor-element-1b3c7e72 elementor-widget__width-inherit textlink elementor-widget elementor-widget-text-editor\" data-id=\"1b3c7e72\" data-element_type=\"widget\" data-e-type=\"widget\" data-widget_type=\"text-editor.default\">\n\t\t\t\t<div class=\"elementor-widget-container\">\n\t\t\t\t\t\t\t\t\t<p>Selon les statuts de SLSP SA, toutes les biblioth\u00e8ques scientifiques et patrimoniales de Suisse peuvent adh\u00e9rer \u00e0 swisscovery. Si vous ne savez pas si vous remplissez ce crit\u00e8re, n&rsquo;h\u00e9sitez pas \u00e0 prendre contact avec nous via le bouton ci-dessous.<\/p><p><span style=\"color: var( --e-global-color-text ); font-family: var( --e-global-typography-text-font-family ), Sans-serif; font-size: var( --e-global-typography-text-font-size ); font-weight: var( --e-global-typography-text-font-weight ); text-align: var(--text-align);\">Le paquet de base comprend les <\/span><a style=\"font-family: var( --e-global-typography-text-font-family ), Sans-serif; font-size: var( --e-global-typography-text-font-size ); text-align: var(--text-align); background-color: #ffffff;\" href=\"https:\/\/slsp.ch\/fr\/prestations-de-base\/\">prestations de base<\/a><span style=\"color: var( --e-global-color-text ); font-family: var( --e-global-typography-text-font-family ), Sans-serif; font-size: var( --e-global-typography-text-font-size ); font-weight: var( --e-global-typography-text-font-weight ); text-align: var(--text-align);\">, dont font notamment partie Primo VE et Alma.<\/span><\/p><p>SLSP propose \u00e9galement des <a href=\"https:\/\/slsp.ch\/optionale-services\/\">services optionnels<\/a> qui peuvent \u00eatre demand\u00e9s en plus.<\/p>\t\t\t\t\t\t\t\t<\/div>\n\t\t\t\t<\/div>\n\t\t<div class=\"elementor-element elementor-element-5e1a73b5 e-con-full e-flex e-con e-child\" data-id=\"5e1a73b5\" data-element_type=\"container\" data-e-type=\"container\" data-settings=\"{&quot;jet_parallax_layout_list&quot;:[]}\">\n\t\t\t\t<div class=\"elementor-element elementor-element-30978b6c elementor-widget elementor-widget-button\" data-id=\"30978b6c\" data-element_type=\"widget\" data-e-type=\"widget\" data-widget_type=\"button.default\">\n\t\t\t\t<div class=\"elementor-widget-container\">\n\t\t\t\t\t\t\t\t\t<div class=\"elementor-button-wrapper\">\n\t\t\t\t\t<a class=\"elementor-button elementor-button-link elementor-size-sm\" href=\"https:\/\/slsp.ch\/fr\/formulaire-de-contact\/\">\n\t\t\t\t\t\t<span class=\"elementor-button-content-wrapper\">\n\t\t\t\t\t\t<span class=\"elementor-button-icon\">\n\t\t\t\t<svg xmlns=\"http:\/\/www.w3.org\/2000\/svg\" xmlns:xlink=\"http:\/\/www.w3.org\/1999\/xlink\" id=\"Ebene_1\" x=\"0px\" y=\"0px\" viewBox=\"0 0 42 42\" style=\"enable-background:new 0 0 42 42;\" xml:space=\"preserve\"><style type=\"text\/css\">\t.st1{fill:none;stroke:#4E4A99;stroke-width:2;stroke-linecap:square;}<\/style><path class=\"st1\" d=\"M10.5,21h19.6 M32.4,21L21.9,10.5 M32.4,21L21.9,31.5\"><\/path><\/svg>\t\t\t<\/span>\n\t\t\t\t\t\t\t\t\t<span class=\"elementor-button-text\">Contact SLSP<\/span>\n\t\t\t\t\t<\/span>\n\t\t\t\t\t<\/a>\n\t\t\t\t<\/div>\n\t\t\t\t\t\t\t\t<\/div>\n\t\t\t\t<\/div>\n\t\t\t\t<div class=\"elementor-element elementor-element-72133d79 elementor-widget elementor-widget-button\" data-id=\"72133d79\" data-element_type=\"widget\" data-e-type=\"widget\" data-widget_type=\"button.default\">\n\t\t\t\t<div class=\"elementor-widget-container\">\n\t\t\t\t\t\t\t\t\t<div class=\"elementor-button-wrapper\">\n\t\t\t\t\t<a class=\"elementor-button elementor-button-link elementor-size-sm\" href=\"https:\/\/slsp.ch\/fr\/offre-de-services\/\">\n\t\t\t\t\t\t<span class=\"elementor-button-content-wrapper\">\n\t\t\t\t\t\t<span class=\"elementor-button-icon\">\n\t\t\t\t<svg xmlns=\"http:\/\/www.w3.org\/2000\/svg\" xmlns:xlink=\"http:\/\/www.w3.org\/1999\/xlink\" id=\"Ebene_1\" x=\"0px\" y=\"0px\" viewBox=\"0 0 42 42\" style=\"enable-background:new 0 0 42 42;\" xml:space=\"preserve\"><style type=\"text\/css\">\t.st10{fill:none;stroke:#FFFFFF;stroke-width:5;stroke-linecap:square;}<\/style><path class=\"st10\" d=\"M14.5,28.9l13.9-13.9 M30,13.5l-14.8,0 M30,13.5v14.8\"><\/path><\/svg>\t\t\t<\/span>\n\t\t\t\t\t\t\t\t\t<span class=\"elementor-button-text\">Offre de services<\/span>\n\t\t\t\t\t<\/span>\n\t\t\t\t\t<\/a>\n\t\t\t\t<\/div>\n\t\t\t\t\t\t\t\t<\/div>\n\t\t\t\t<\/div>\n\t\t\t\t<\/div>\n\t\t\t\t\t<\/div>\n\t\t\t\t<\/div>\n\t\t\t\t<\/div>\n\t\t","protected":false},"excerpt":{"rendered":"<p>Rejoindre swisscovery Vous souhaitez adh\u00e9rer \u00e0 swisscovery avec votre biblioth\u00e8que et utiliser les services de SLSP ? Ou vous avez des questions sur les services de SLSP ? Nous nous r\u00e9jouissons que vous preniez contact avec nous. Selon les statuts de SLSP SA, toutes les biblioth\u00e8ques scientifiques et patrimoniales de Suisse peuvent adh\u00e9rer \u00e0 swisscovery. [&hellip;]<\/p>\n","protected":false},"author":3,"featured_media":0,"parent":0,"menu_order":0,"comment_status":"closed","ping_status":"closed","template":"","meta":{"footnotes":""},"class_list":["post-2765","page","type-page","status-publish","hentry"],"_links":{"self":[{"href":"https:\/\/slsp.ch\/fr\/wp-json\/wp\/v2\/pages\/2765","targetHints":{"allow":["GET"]}}],"collection":[{"href":"https:\/\/slsp.ch\/fr\/wp-json\/wp\/v2\/pages"}],"about":[{"href":"https:\/\/slsp.ch\/fr\/wp-json\/wp\/v2\/types\/page"}],"author":[{"embeddable":true,"href":"https:\/\/slsp.ch\/fr\/wp-json\/wp\/v2\/users\/3"}],"replies":[{"embeddable":true,"href":"https:\/\/slsp.ch\/fr\/wp-json\/wp\/v2\/comments?post=2765"}],"version-history":[{"count":31,"href":"https:\/\/slsp.ch\/fr\/wp-json\/wp\/v2\/pages\/2765\/revisions"}],"predecessor-version":[{"id":6344,"href":"https:\/\/slsp.ch\/fr\/wp-json\/wp\/v2\/pages\/2765\/revisions\/6344"}],"wp:attachment":[{"href":"https:\/\/slsp.ch\/fr\/wp-json\/wp\/v2\/media?parent=2765"}],"curies":[{"name":"wp","href":"https:\/\/api.w.org\/{rel}","templated":true}]}}