{"id":2842,"date":"2023-11-27T08:36:35","date_gmt":"2023-11-27T07:36:35","guid":{"rendered":"https:\/\/slsp.ch\/liste-des-bibliotheques\/"},"modified":"2024-04-11T14:17:43","modified_gmt":"2024-04-11T12:17:43","slug":"navigateur-de-bibliotheque","status":"publish","type":"page","link":"https:\/\/slsp.ch\/fr\/navigateur-de-bibliotheque\/","title":{"rendered":"Navigateur de biblioth\u00e8que"},"content":{"rendered":"\t\t<div data-elementor-type=\"wp-page\" data-elementor-id=\"2842\" class=\"elementor elementor-2842 elementor-244\" data-elementor-post-type=\"page\">\n\t\t\t\t<div class=\"elementor-element elementor-element-ad28adc e-flex e-con-boxed e-con e-parent\" data-id=\"ad28adc\" data-element_type=\"container\" data-e-type=\"container\" data-settings=\"{&quot;jet_parallax_layout_list&quot;:[]}\">\n\t\t\t\t\t<div class=\"e-con-inner\">\n\t\t\t\t<div class=\"elementor-element elementor-element-6df8323 elementor-widget elementor-widget-heading\" data-id=\"6df8323\" data-element_type=\"widget\" data-e-type=\"widget\" data-widget_type=\"heading.default\">\n\t\t\t\t<div class=\"elementor-widget-container\">\n\t\t\t\t\t<h1 class=\"elementor-heading-title elementor-size-default\">Navigateur de biblioth\u00e8que\n<\/h1>\t\t\t\t<\/div>\n\t\t\t\t<\/div>\n\t\t\t\t<div class=\"elementor-element elementor-element-d58bf22 textlink elementor-widget elementor-widget-text-editor\" data-id=\"d58bf22\" data-element_type=\"widget\" data-e-type=\"widget\" data-widget_type=\"text-editor.default\">\n\t\t\t\t<div class=\"elementor-widget-container\">\n\t\t\t\t\t\t\t\t\t<p>Environ 500 biblioth\u00e8ques sont actuellement connect\u00e9es \u00e0 la plateforme nationale des biblioth\u00e8ques swisscovery de SLSP. Depuis 2024, SLSP offre la possibilit\u00e9 de visualiser les biblioth\u00e8ques sur une carte interactive. Les donn\u00e9es sont tir\u00e9es de la m\u00eame base de donn\u00e9es que la liste des biblioth\u00e8ques et co\u00efncident donc \u00e0 tout moment avec la liste des biblioth\u00e8ques.<\/p>\t\t\t\t\t\t\t\t<\/div>\n\t\t\t\t<\/div>\n\t\t\t\t\t<\/div>\n\t\t\t\t<\/div>\n\t\t<div class=\"elementor-element elementor-element-4c8e330 e-flex e-con-boxed e-con e-parent\" data-id=\"4c8e330\" data-element_type=\"container\" data-e-type=\"container\" data-settings=\"{&quot;jet_parallax_layout_list&quot;:[]}\">\n\t\t\t\t\t<div class=\"e-con-inner\">\n\t\t\t\t<div class=\"elementor-element elementor-element-8e9260c elementor-widget elementor-widget-html\" data-id=\"8e9260c\" data-element_type=\"widget\" data-e-type=\"widget\" data-widget_type=\"html.default\">\n\t\t\t\t<div class=\"elementor-widget-container\">\n\t\t\t\t\t<iframe src=https:\/\/swisscovery.help\/navigator\/ width=\"900\" height=\"700\" allow=\"fullscreen\"><\/iframe>\r\n\t\t\t\t<\/div>\n\t\t\t\t<\/div>\n\t\t\t\t\t<\/div>\n\t\t\t\t<\/div>\n\t\t<div class=\"elementor-element elementor-element-80b2a9e e-flex e-con-boxed e-con e-parent\" data-id=\"80b2a9e\" data-element_type=\"container\" data-e-type=\"container\" data-settings=\"{&quot;jet_parallax_layout_list&quot;:[]}\">\n\t\t\t\t\t<div class=\"e-con-inner\">\n\t\t\t\t<div class=\"elementor-element elementor-element-eae4b97 elementor-widget elementor-widget-text-editor\" data-id=\"eae4b97\" data-element_type=\"widget\" data-e-type=\"widget\" data-widget_type=\"text-editor.default\">\n\t\t\t\t<div class=\"elementor-widget-container\">\n\t\t\t\t\t\t\t\t\t<p>Vous trouverez \u00e9galement les biblioth\u00e8ques affili\u00e9es \u00e0 swisscovery dans une liste des biblioth\u00e8ques s\u00e9par\u00e9e<\/p>\t\t\t\t\t\t\t\t<\/div>\n\t\t\t\t<\/div>\n\t\t\t\t\t<\/div>\n\t\t\t\t<\/div>\n\t\t<div class=\"elementor-element elementor-element-5905940 e-flex e-con-boxed e-con e-parent\" data-id=\"5905940\" data-element_type=\"container\" data-e-type=\"container\" data-settings=\"{&quot;jet_parallax_layout_list&quot;:[]}\">\n\t\t\t\t\t<div class=\"e-con-inner\">\n\t\t\t\t<div class=\"elementor-element elementor-element-c46e2b5 elementor-widget elementor-widget-button\" data-id=\"c46e2b5\" data-element_type=\"widget\" data-e-type=\"widget\" data-widget_type=\"button.default\">\n\t\t\t\t<div class=\"elementor-widget-container\">\n\t\t\t\t\t\t\t\t\t<div class=\"elementor-button-wrapper\">\n\t\t\t\t\t<a class=\"elementor-button elementor-button-link elementor-size-sm\" href=\"https:\/\/libraries.swisscovery.help\/?lang=fr\">\n\t\t\t\t\t\t<span class=\"elementor-button-content-wrapper\">\n\t\t\t\t\t\t\t\t\t<span class=\"elementor-button-text\">Liste des biblioth\u00e8ques<\/span>\n\t\t\t\t\t<\/span>\n\t\t\t\t\t<\/a>\n\t\t\t\t<\/div>\n\t\t\t\t\t\t\t\t<\/div>\n\t\t\t\t<\/div>\n\t\t\t\t\t<\/div>\n\t\t\t\t<\/div>\n\t\t<div class=\"elementor-element elementor-element-ea6ed6e e-flex e-con-boxed e-con e-parent\" data-id=\"ea6ed6e\" data-element_type=\"container\" data-e-type=\"container\" data-settings=\"{&quot;jet_parallax_layout_list&quot;:[]}\">\n\t\t\t\t\t<div class=\"e-con-inner\">\n\t\t\t\t<div class=\"elementor-element elementor-element-b971698 elementor-widget elementor-widget-spacer\" data-id=\"b971698\" data-element_type=\"widget\" data-e-type=\"widget\" data-widget_type=\"spacer.default\">\n\t\t\t\t<div class=\"elementor-widget-container\">\n\t\t\t\t\t\t\t<div class=\"elementor-spacer\">\n\t\t\t<div class=\"elementor-spacer-inner\"><\/div>\n\t\t<\/div>\n\t\t\t\t\t\t<\/div>\n\t\t\t\t<\/div>\n\t\t\t\t\t<\/div>\n\t\t\t\t<\/div>\n\t\t<div class=\"elementor-element elementor-element-63dab66 e-flex e-con-boxed e-con e-parent\" data-id=\"63dab66\" data-element_type=\"container\" data-e-type=\"container\" data-settings=\"{&quot;jet_parallax_layout_list&quot;:[]}\">\n\t\t\t\t\t<div class=\"e-con-inner\">\n\t\t\t\t<div class=\"elementor-element elementor-element-59c3e90 elementor-widget elementor-widget-spacer\" data-id=\"59c3e90\" data-element_type=\"widget\" data-e-type=\"widget\" data-widget_type=\"spacer.default\">\n\t\t\t\t<div class=\"elementor-widget-container\">\n\t\t\t\t\t\t\t<div class=\"elementor-spacer\">\n\t\t\t<div class=\"elementor-spacer-inner\"><\/div>\n\t\t<\/div>\n\t\t\t\t\t\t<\/div>\n\t\t\t\t<\/div>\n\t\t\t\t\t<\/div>\n\t\t\t\t<\/div>\n\t\t\t\t<\/div>\n\t\t","protected":false},"excerpt":{"rendered":"<p>Navigateur de biblioth\u00e8que Environ 500 biblioth\u00e8ques sont actuellement connect\u00e9es \u00e0 la plateforme nationale des biblioth\u00e8ques swisscovery de SLSP. Depuis 2024, SLSP offre la possibilit\u00e9 de visualiser les biblioth\u00e8ques sur une carte interactive. Les donn\u00e9es sont tir\u00e9es de la m\u00eame base de donn\u00e9es que la liste des biblioth\u00e8ques et co\u00efncident donc \u00e0 tout moment avec la [&hellip;]<\/p>\n","protected":false},"author":1,"featured_media":0,"parent":0,"menu_order":0,"comment_status":"closed","ping_status":"closed","template":"","meta":{"footnotes":""},"class_list":["post-2842","page","type-page","status-publish","hentry"],"_links":{"self":[{"href":"https:\/\/slsp.ch\/fr\/wp-json\/wp\/v2\/pages\/2842","targetHints":{"allow":["GET"]}}],"collection":[{"href":"https:\/\/slsp.ch\/fr\/wp-json\/wp\/v2\/pages"}],"about":[{"href":"https:\/\/slsp.ch\/fr\/wp-json\/wp\/v2\/types\/page"}],"author":[{"embeddable":true,"href":"https:\/\/slsp.ch\/fr\/wp-json\/wp\/v2\/users\/1"}],"replies":[{"embeddable":true,"href":"https:\/\/slsp.ch\/fr\/wp-json\/wp\/v2\/comments?post=2842"}],"version-history":[{"count":13,"href":"https:\/\/slsp.ch\/fr\/wp-json\/wp\/v2\/pages\/2842\/revisions"}],"predecessor-version":[{"id":5667,"href":"https:\/\/slsp.ch\/fr\/wp-json\/wp\/v2\/pages\/2842\/revisions\/5667"}],"wp:attachment":[{"href":"https:\/\/slsp.ch\/fr\/wp-json\/wp\/v2\/media?parent=2842"}],"curies":[{"name":"wp","href":"https:\/\/api.w.org\/{rel}","templated":true}]}}