{"id":2859,"date":"2024-01-04T15:50:52","date_gmt":"2024-01-04T14:50:52","guid":{"rendered":"https:\/\/slsp.ch\/nutzungsbedingungen-swisscovery\/"},"modified":"2024-11-19T19:28:27","modified_gmt":"2024-11-19T18:28:27","slug":"conditions-utilisation-swisscovery","status":"publish","type":"page","link":"https:\/\/slsp.ch\/fr\/conditions-utilisation-swisscovery\/","title":{"rendered":"Conditions d&rsquo;utilisation de swisscovery"},"content":{"rendered":"\t\t<div data-elementor-type=\"wp-page\" data-elementor-id=\"2859\" class=\"elementor elementor-2859 elementor-1681\" data-elementor-post-type=\"page\">\n\t\t\t\t<div class=\"elementor-element elementor-element-1d45e248 e-flex e-con-boxed e-con e-parent\" data-id=\"1d45e248\" data-element_type=\"container\" data-e-type=\"container\" data-settings=\"{&quot;jet_parallax_layout_list&quot;:[]}\">\n\t\t\t\t\t<div class=\"e-con-inner\">\n\t\t\t\t<div class=\"elementor-element elementor-element-71a2e73d elementor-widget elementor-widget-heading\" data-id=\"71a2e73d\" data-element_type=\"widget\" data-e-type=\"widget\" data-widget_type=\"heading.default\">\n\t\t\t\t<div class=\"elementor-widget-container\">\n\t\t\t\t\t<h1 class=\"elementor-heading-title elementor-size-default\">Conditions d'utilisation de swisscovery<\/h1>\t\t\t\t<\/div>\n\t\t\t\t<\/div>\n\t\t\t\t<div class=\"elementor-element elementor-element-c9a5544 textlink elementor-widget elementor-widget-text-editor\" data-id=\"c9a5544\" data-element_type=\"widget\" data-e-type=\"widget\" data-widget_type=\"text-editor.default\">\n\t\t\t\t<div class=\"elementor-widget-container\">\n\t\t\t\t\t\t\t\t\t<p>Vous trouverez ci-dessous des informations sur les conditions d&rsquo;utilisation de swisscovery et sur l&rsquo;enregistrement.<\/p>\t\t\t\t\t\t\t\t<\/div>\n\t\t\t\t<\/div>\n\t\t<div class=\"elementor-element elementor-element-1dbac2ca e-flex e-con-boxed e-con e-child\" data-id=\"1dbac2ca\" data-element_type=\"container\" data-e-type=\"container\" data-settings=\"{&quot;background_background&quot;:&quot;classic&quot;,&quot;jet_parallax_layout_list&quot;:[]}\">\n\t\t\t\t\t<div class=\"e-con-inner\">\n\t\t\t\t<div class=\"elementor-element elementor-element-224c6ec4 button elementor-widget elementor-widget-button\" data-id=\"224c6ec4\" data-element_type=\"widget\" data-e-type=\"widget\" data-widget_type=\"button.default\">\n\t\t\t\t<div class=\"elementor-widget-container\">\n\t\t\t\t\t\t\t\t\t<div class=\"elementor-button-wrapper\">\n\t\t\t\t\t<a class=\"elementor-button elementor-button-link elementor-size-sm\" href=\"#anleitungnutzungsbedingungen\">\n\t\t\t\t\t\t<span class=\"elementor-button-content-wrapper\">\n\t\t\t\t\t\t<span class=\"elementor-button-icon\">\n\t\t\t\t<svg xmlns=\"http:\/\/www.w3.org\/2000\/svg\" width=\"24\" height=\"25\" viewBox=\"0 0 24 25\" aria-label=\"Link on a section of this page\" role=\"img\"><g id=\"Icon-arrow-down\"><style type=\"text\/css\">\t.anchor{fill:none;stroke:#4E4A99;stroke-width:2;stroke-linecap:square;}<\/style><path id=\"Vector\" class=\"anchor\" d=\"M12.25 6V18.5M12.25 18.5L6.25 12.5M12.25 18.5L18.25 12.5\"><\/path><\/g><\/svg>\t\t\t<\/span>\n\t\t\t\t\t\t\t\t\t<span class=\"elementor-button-text\">Conditions d'utilisation et instructions enregistrement<\/span>\n\t\t\t\t\t<\/span>\n\t\t\t\t\t<\/a>\n\t\t\t\t<\/div>\n\t\t\t\t\t\t\t\t<\/div>\n\t\t\t\t<\/div>\n\t\t\t\t<div class=\"elementor-element elementor-element-7b01332c button elementor-widget elementor-widget-button\" data-id=\"7b01332c\" data-element_type=\"widget\" data-e-type=\"widget\" data-widget_type=\"button.default\">\n\t\t\t\t<div class=\"elementor-widget-container\">\n\t\t\t\t\t\t\t\t\t<div class=\"elementor-button-wrapper\">\n\t\t\t\t\t<a class=\"elementor-button elementor-button-link elementor-size-sm\" href=\"#keinswitchkonto\">\n\t\t\t\t\t\t<span class=\"elementor-button-content-wrapper\">\n\t\t\t\t\t\t<span class=\"elementor-button-icon\">\n\t\t\t\t<svg xmlns=\"http:\/\/www.w3.org\/2000\/svg\" width=\"24\" height=\"25\" viewBox=\"0 0 24 25\" aria-label=\"Link on a section of this page\" role=\"img\"><g id=\"Icon-arrow-down\"><style type=\"text\/css\">\t.anchor{fill:none;stroke:#4E4A99;stroke-width:2;stroke-linecap:square;}<\/style><path id=\"Vector\" class=\"anchor\" d=\"M12.25 6V18.5M12.25 18.5L6.25 12.5M12.25 18.5L18.25 12.5\"><\/path><\/g><\/svg>\t\t\t<\/span>\n\t\t\t\t\t\t\t\t\t<span class=\"elementor-button-text\">Impossible de cr\u00e9er un compte ?<\/span>\n\t\t\t\t\t<\/span>\n\t\t\t\t\t<\/a>\n\t\t\t\t<\/div>\n\t\t\t\t\t\t\t\t<\/div>\n\t\t\t\t<\/div>\n\t\t\t\t\t<\/div>\n\t\t\t\t<\/div>\n\t\t\t\t\t<\/div>\n\t\t\t\t<\/div>\n\t\t<div class=\"elementor-element elementor-element-17273e54 e-flex e-con-boxed e-con e-parent\" data-id=\"17273e54\" data-element_type=\"container\" data-e-type=\"container\" data-settings=\"{&quot;jet_parallax_layout_list&quot;:[]}\">\n\t\t\t\t\t<div class=\"e-con-inner\">\n\t\t\t\t<div class=\"elementor-element elementor-element-34c8373b elementor-widget elementor-widget-menu-anchor\" data-id=\"34c8373b\" data-element_type=\"widget\" data-e-type=\"widget\" data-widget_type=\"menu-anchor.default\">\n\t\t\t\t<div class=\"elementor-widget-container\">\n\t\t\t\t\t\t\t<div class=\"elementor-menu-anchor\" id=\"anleitungnutzungsbedingungen\"><\/div>\n\t\t\t\t\t\t<\/div>\n\t\t\t\t<\/div>\n\t\t\t\t<div class=\"elementor-element elementor-element-711fb8b6 elementor-widget elementor-widget-heading\" data-id=\"711fb8b6\" data-element_type=\"widget\" data-e-type=\"widget\" data-widget_type=\"heading.default\">\n\t\t\t\t<div class=\"elementor-widget-container\">\n\t\t\t\t\t<h2 class=\"elementor-heading-title elementor-size-default\">Conditions d'utilisation et instructions Enregistrement<\/h2>\t\t\t\t<\/div>\n\t\t\t\t<\/div>\n\t\t\t\t<div class=\"elementor-element elementor-element-d73da0b textlink elementor-widget elementor-widget-text-editor\" data-id=\"d73da0b\" data-element_type=\"widget\" data-e-type=\"widget\" data-widget_type=\"text-editor.default\">\n\t\t\t\t<div class=\"elementor-widget-container\">\n\t\t\t\t\t\t\t\t\t<p>Veuillez noter que les conditions d&rsquo;utilisation de la biblioth\u00e8que emprunteuse ou d\u00e9tentrice s&rsquo;appliquent, voir <a href=\"https:\/\/slsp.ch\/fr\/navigateur-de-bibliotheque\/\">la liste des biblioth\u00e8ques<\/a>.<\/p><p style=\"font-weight: 400;\">Pour utiliser swisscovery personnellement, les clients des biblioth\u00e8ques doivent poss\u00e9der un compte Switch edu-ID afin de pouvoir s\u2019inscrire \u00e0 SLSP. Pour utiliser swisscovery avec un compte institutionnel, les clients de la biblioth\u00e8que doivent s&rsquo;enregistrer au pr\u00e9alable.<\/p><p><a href=\"https:\/\/registration.slsp.ch\/\">S&rsquo;enregistrer avec un compte Switch edu-ID<\/a><\/p><div><span lang=\"FR\">Ceux qui n\u2019ont pas encore de compte peuvent en cr\u00e9er un pendant l\u2019enregistrement. Lors de l\u2019enregistrement, vous devez consentir \u00e0 ce que les donn\u00e9es de votre compte Switch edu-ID soient transmises \u00e0 SLSP. En option, vous pouvez saisir le code-barres de votre carte de biblioth\u00e8que.<\/span><\/div><div>\u00a0<\/div><div><a href=\"https:\/\/registration.slsp.ch\/\">Instructions pour l&rsquo;enregistrement.<\/a><\/div><p style=\"font-weight: 400;\">L\u2019utilisation de swisscovery est soumise aux conditions correspondantes de votre biblioth\u00e8que. De m\u00eame, si vous avez des questions sur l\u2019utilisation ou si vous ne pouvez pas cr\u00e9er de compte Switch edu-ID ou de compte institutionnel, veuillez vous adresser directement \u00e0 votre biblioth\u00e8que, voir <a href=\"https:\/\/slsp.ch\/fr\/navigateur-de-bibliotheque\/\">la liste des biblioth\u00e8ques<\/a>..<\/p>\t\t\t\t\t\t\t\t<\/div>\n\t\t\t\t<\/div>\n\t\t\t\t\t<\/div>\n\t\t\t\t<\/div>\n\t\t<div class=\"elementor-element elementor-element-960c7b2 e-flex e-con-boxed e-con e-parent\" data-id=\"960c7b2\" data-element_type=\"container\" data-e-type=\"container\" data-settings=\"{&quot;jet_parallax_layout_list&quot;:[]}\">\n\t\t\t\t\t<div class=\"e-con-inner\">\n\t\t\t\t<div class=\"elementor-element elementor-element-2196f9e elementor-widget elementor-widget-menu-anchor\" data-id=\"2196f9e\" data-element_type=\"widget\" data-e-type=\"widget\" data-widget_type=\"menu-anchor.default\">\n\t\t\t\t<div class=\"elementor-widget-container\">\n\t\t\t\t\t\t\t<div class=\"elementor-menu-anchor\" id=\"keinswitchkonto\"><\/div>\n\t\t\t\t\t\t<\/div>\n\t\t\t\t<\/div>\n\t\t\t\t<div class=\"elementor-element elementor-element-2d6b2f3 elementor-widget elementor-widget-heading\" data-id=\"2d6b2f3\" data-element_type=\"widget\" data-e-type=\"widget\" data-widget_type=\"heading.default\">\n\t\t\t\t<div class=\"elementor-widget-container\">\n\t\t\t\t\t<h2 class=\"elementor-heading-title elementor-size-default\">Impossible de cr\u00e9er un compte ?<\/h2>\t\t\t\t<\/div>\n\t\t\t\t<\/div>\n\t\t\t\t<div class=\"elementor-element elementor-element-c0684d9 textlink elementor-widget elementor-widget-text-editor\" data-id=\"c0684d9\" data-element_type=\"widget\" data-e-type=\"widget\" data-widget_type=\"text-editor.default\">\n\t\t\t\t<div class=\"elementor-widget-container\">\n\t\t\t\t\t\t\t\t\t<p style=\"font-weight: 400;\">Veuillez contacter votre biblioth\u00e8que si vous ne pouvez pas cr\u00e9er de compte Switch edu-ID ou de compte institutionnel. Ceci s\u2019applique aux invit\u00e9s ainsi qu\u2019aux utilisateur\u00b7x\u00b7trice\u00b7s n\u2019ayant pas acc\u00e8s \u00e0 un compte de messagerie.\u00a0<\/p>\t\t\t\t\t\t\t\t<\/div>\n\t\t\t\t<\/div>\n\t\t\t\t\t<\/div>\n\t\t\t\t<\/div>\n\t\t\t\t<\/div>\n\t\t","protected":false},"excerpt":{"rendered":"<p>Conditions d&rsquo;utilisation de swisscovery Vous trouverez ci-dessous des informations sur les conditions d&rsquo;utilisation de swisscovery et sur l&rsquo;enregistrement. Conditions d&rsquo;utilisation et instructions enregistrement Impossible de cr\u00e9er un compte ? Conditions d&rsquo;utilisation et instructions Enregistrement Veuillez noter que les conditions d&rsquo;utilisation de la biblioth\u00e8que emprunteuse ou d\u00e9tentrice s&rsquo;appliquent, voir la liste des biblioth\u00e8ques. Pour utiliser swisscovery [&hellip;]<\/p>\n","protected":false},"author":3,"featured_media":0,"parent":0,"menu_order":16,"comment_status":"closed","ping_status":"closed","template":"","meta":{"footnotes":""},"class_list":["post-2859","page","type-page","status-publish","hentry"],"_links":{"self":[{"href":"https:\/\/slsp.ch\/fr\/wp-json\/wp\/v2\/pages\/2859","targetHints":{"allow":["GET"]}}],"collection":[{"href":"https:\/\/slsp.ch\/fr\/wp-json\/wp\/v2\/pages"}],"about":[{"href":"https:\/\/slsp.ch\/fr\/wp-json\/wp\/v2\/types\/page"}],"author":[{"embeddable":true,"href":"https:\/\/slsp.ch\/fr\/wp-json\/wp\/v2\/users\/3"}],"replies":[{"embeddable":true,"href":"https:\/\/slsp.ch\/fr\/wp-json\/wp\/v2\/comments?post=2859"}],"version-history":[{"count":43,"href":"https:\/\/slsp.ch\/fr\/wp-json\/wp\/v2\/pages\/2859\/revisions"}],"predecessor-version":[{"id":7502,"href":"https:\/\/slsp.ch\/fr\/wp-json\/wp\/v2\/pages\/2859\/revisions\/7502"}],"wp:attachment":[{"href":"https:\/\/slsp.ch\/fr\/wp-json\/wp\/v2\/media?parent=2859"}],"curies":[{"name":"wp","href":"https:\/\/api.w.org\/{rel}","templated":true}]}}