{"id":2911,"date":"2024-01-04T15:41:52","date_gmt":"2024-01-04T14:41:52","guid":{"rendered":"https:\/\/slsp.ch\/tarification\/"},"modified":"2024-03-28T08:47:42","modified_gmt":"2024-03-28T07:47:42","slug":"offre-de-services","status":"publish","type":"page","link":"https:\/\/slsp.ch\/fr\/offre-de-services\/","title":{"rendered":"Offre de services"},"content":{"rendered":"\t\t<div data-elementor-type=\"wp-page\" data-elementor-id=\"2911\" class=\"elementor elementor-2911 elementor-1677\" data-elementor-post-type=\"page\">\n\t\t\t\t<div class=\"elementor-element elementor-element-ca3533d e-flex e-con-boxed e-con e-parent\" data-id=\"ca3533d\" data-element_type=\"container\" data-e-type=\"container\" data-settings=\"{&quot;jet_parallax_layout_list&quot;:[]}\">\n\t\t\t\t\t<div class=\"e-con-inner\">\n\t\t\t\t<div class=\"elementor-element elementor-element-1567889a elementor-widget elementor-widget-heading\" data-id=\"1567889a\" data-element_type=\"widget\" data-e-type=\"widget\" data-widget_type=\"heading.default\">\n\t\t\t\t<div class=\"elementor-widget-container\">\n\t\t\t\t\t<h1 class=\"elementor-heading-title elementor-size-default\">Offre de services swisscovery<\/h1>\t\t\t\t<\/div>\n\t\t\t\t<\/div>\n\t\t\t\t<div class=\"elementor-element elementor-element-683448b8 textlink elementor-widget elementor-widget-text-editor\" data-id=\"683448b8\" data-element_type=\"widget\" data-e-type=\"widget\" data-widget_type=\"text-editor.default\">\n\t\t\t\t<div class=\"elementor-widget-container\">\n\t\t\t\t\t\t\t\t\t<p style=\"font-weight: 400;\">SLSP distingue les prestations de base, les services en option et les services personnalis\u00e9s.<\/p>\t\t\t\t\t\t\t\t<\/div>\n\t\t\t\t<\/div>\n\t\t<div class=\"elementor-element elementor-element-c03a9fe e-flex e-con-boxed e-con e-child\" data-id=\"c03a9fe\" data-element_type=\"container\" data-e-type=\"container\" data-settings=\"{&quot;background_background&quot;:&quot;classic&quot;,&quot;jet_parallax_layout_list&quot;:[]}\">\n\t\t\t\t\t<div class=\"e-con-inner\">\n\t\t\t\t<div class=\"elementor-element elementor-element-52bbd30a button elementor-widget elementor-widget-button\" data-id=\"52bbd30a\" data-element_type=\"widget\" data-e-type=\"widget\" data-widget_type=\"button.default\">\n\t\t\t\t<div class=\"elementor-widget-container\">\n\t\t\t\t\t\t\t\t\t<div class=\"elementor-button-wrapper\">\n\t\t\t\t\t<a class=\"elementor-button elementor-button-link elementor-size-sm\" href=\"#grundleistungen\">\n\t\t\t\t\t\t<span class=\"elementor-button-content-wrapper\">\n\t\t\t\t\t\t<span class=\"elementor-button-icon\">\n\t\t\t\t<svg xmlns=\"http:\/\/www.w3.org\/2000\/svg\" width=\"24\" height=\"25\" viewBox=\"0 0 24 25\" aria-label=\"Link on a section of this page\" role=\"img\"><g id=\"Icon-arrow-down\"><style type=\"text\/css\">\t.anchor{fill:none;stroke:#4E4A99;stroke-width:2;stroke-linecap:square;}<\/style><path id=\"Vector\" class=\"anchor\" d=\"M12.25 6V18.5M12.25 18.5L6.25 12.5M12.25 18.5L18.25 12.5\"><\/path><\/g><\/svg>\t\t\t<\/span>\n\t\t\t\t\t\t\t\t\t<span class=\"elementor-button-text\">Prestations de base<\/span>\n\t\t\t\t\t<\/span>\n\t\t\t\t\t<\/a>\n\t\t\t\t<\/div>\n\t\t\t\t\t\t\t\t<\/div>\n\t\t\t\t<\/div>\n\t\t\t\t<div class=\"elementor-element elementor-element-10f18ae7 button elementor-widget elementor-widget-button\" data-id=\"10f18ae7\" data-element_type=\"widget\" data-e-type=\"widget\" data-widget_type=\"button.default\">\n\t\t\t\t<div class=\"elementor-widget-container\">\n\t\t\t\t\t\t\t\t\t<div class=\"elementor-button-wrapper\">\n\t\t\t\t\t<a class=\"elementor-button elementor-button-link elementor-size-sm\" href=\"#optionaleservices\">\n\t\t\t\t\t\t<span class=\"elementor-button-content-wrapper\">\n\t\t\t\t\t\t<span class=\"elementor-button-icon\">\n\t\t\t\t<svg xmlns=\"http:\/\/www.w3.org\/2000\/svg\" width=\"24\" height=\"25\" viewBox=\"0 0 24 25\" aria-label=\"Link on a section of this page\" role=\"img\"><g id=\"Icon-arrow-down\"><style type=\"text\/css\">\t.anchor{fill:none;stroke:#4E4A99;stroke-width:2;stroke-linecap:square;}<\/style><path id=\"Vector\" class=\"anchor\" d=\"M12.25 6V18.5M12.25 18.5L6.25 12.5M12.25 18.5L18.25 12.5\"><\/path><\/g><\/svg>\t\t\t<\/span>\n\t\t\t\t\t\t\t\t\t<span class=\"elementor-button-text\">Services optionnels <\/span>\n\t\t\t\t\t<\/span>\n\t\t\t\t\t<\/a>\n\t\t\t\t<\/div>\n\t\t\t\t\t\t\t\t<\/div>\n\t\t\t\t<\/div>\n\t\t\t\t\t<\/div>\n\t\t\t\t<\/div>\n\t\t\t\t\t<\/div>\n\t\t\t\t<\/div>\n\t\t<div class=\"elementor-element elementor-element-c82289f e-flex e-con-boxed e-con e-parent\" data-id=\"c82289f\" data-element_type=\"container\" data-e-type=\"container\" data-settings=\"{&quot;jet_parallax_layout_list&quot;:[]}\">\n\t\t\t\t\t<div class=\"e-con-inner\">\n\t\t\t\t<div class=\"elementor-element elementor-element-2047ed9d elementor-widget elementor-widget-menu-anchor\" data-id=\"2047ed9d\" data-element_type=\"widget\" data-e-type=\"widget\" data-widget_type=\"menu-anchor.default\">\n\t\t\t\t<div class=\"elementor-widget-container\">\n\t\t\t\t\t\t\t<div class=\"elementor-menu-anchor\" id=\"grundleistungen\"><\/div>\n\t\t\t\t\t\t<\/div>\n\t\t\t\t<\/div>\n\t\t\t\t<div class=\"elementor-element elementor-element-66d219e6 elementor-widget elementor-widget-heading\" data-id=\"66d219e6\" data-element_type=\"widget\" data-e-type=\"widget\" data-widget_type=\"heading.default\">\n\t\t\t\t<div class=\"elementor-widget-container\">\n\t\t\t\t\t<h2 class=\"elementor-heading-title elementor-size-default\">Prestations de base<\/h2>\t\t\t\t<\/div>\n\t\t\t\t<\/div>\n\t\t\t\t<div class=\"elementor-element elementor-element-79c800aa textlink elementor-widget elementor-widget-text-editor\" data-id=\"79c800aa\" data-element_type=\"widget\" data-e-type=\"widget\" data-widget_type=\"text-editor.default\">\n\t\t\t\t<div class=\"elementor-widget-container\">\n\t\t\t\t\t\t\t\t\t<p>L\u2019utilisation de swisscovery fait partie de nos prestations de base. Celles-ci comprennent non seulement l\u2019acc\u00e8s aux syst\u00e8mes, mais aussi des prestations suppl\u00e9mentaires, des formations et une offre d\u2019assistance compl\u00e8te.<\/p><p>Chez SLSP, nous misons sur un mod\u00e8le tarifaire uniforme, transparent, conforme au principe de causalit\u00e9 et durable pour l\u2019ensemble de la client\u00e8le. Les co\u00fbts annuels pour les prestations de base sont calcul\u00e9s comme suit:<\/p><ul><li>Taille de la biblioth\u00e8que comme base: les co\u00fbts sont bas\u00e9s sur le nombre d\u2019\u00e9quivalents temps plein (ETP), qui est un indicateur de la taille de la biblioth\u00e8que.<\/li><li>Named Users: nous prenons \u00e9galement en consid\u00e9ration le nombre de comptes d\u2019utilisateur\u00b7x\u00b7trice\u00b7s professionnel\u00b7x\u00b7le\u00b7s enregist\u00e9\u00b7x\u00b7e\u00b7s dans swisscovery qui travaillent dans le syst\u00e8me central Alma, connu x\u00b7e\u00b7s sous le nom de \u00abNamed Users\u00bb. Les institutions ont ainsi la possibilit\u00e9 de contr\u00f4ler leurs co\u00fbts par une gestion \u00e9conomique du nombre de Named Users.<\/li><\/ul><p>Gr\u00e2ce au principe de non-lucrativit\u00e9 ancr\u00e9 dans les statuts, les \u00e9ventuels exc\u00e9dents sont \u00e9galement trait\u00e9s de mani\u00e8re \u00e9quitable et transparente: ils sont rembours\u00e9s l\u2019ann\u00e9e suivante \u00e0 nos institutions clientes ou d\u00e9duits du forfait de base de l\u2019ann\u00e9e suivante.<\/p><p><a href=\"https:\/\/slsp.ch\/fr\/prestations-de-base\/\">Vous trouverez ici l&rsquo;offre de services des prestations de base.<\/a><\/p>\t\t\t\t\t\t\t\t<\/div>\n\t\t\t\t<\/div>\n\t\t\t\t\t<\/div>\n\t\t\t\t<\/div>\n\t\t<div class=\"elementor-element elementor-element-40f68307 e-flex e-con-boxed e-con e-parent\" data-id=\"40f68307\" data-element_type=\"container\" data-e-type=\"container\" data-settings=\"{&quot;jet_parallax_layout_list&quot;:[]}\">\n\t\t\t\t\t<div class=\"e-con-inner\">\n\t\t\t\t<div class=\"elementor-element elementor-element-35294b1b elementor-widget elementor-widget-menu-anchor\" data-id=\"35294b1b\" data-element_type=\"widget\" data-e-type=\"widget\" data-widget_type=\"menu-anchor.default\">\n\t\t\t\t<div class=\"elementor-widget-container\">\n\t\t\t\t\t\t\t<div class=\"elementor-menu-anchor\" id=\"optionaleservices\"><\/div>\n\t\t\t\t\t\t<\/div>\n\t\t\t\t<\/div>\n\t\t\t\t<div class=\"elementor-element elementor-element-5b0589a2 elementor-widget elementor-widget-heading\" data-id=\"5b0589a2\" data-element_type=\"widget\" data-e-type=\"widget\" data-widget_type=\"heading.default\">\n\t\t\t\t<div class=\"elementor-widget-container\">\n\t\t\t\t\t<h2 class=\"elementor-heading-title elementor-size-default\">Services en option et services individuels<\/h2>\t\t\t\t<\/div>\n\t\t\t\t<\/div>\n\t\t\t\t<div class=\"elementor-element elementor-element-22e43dd2 textlink elementor-widget elementor-widget-text-editor\" data-id=\"22e43dd2\" data-element_type=\"widget\" data-e-type=\"widget\" data-widget_type=\"text-editor.default\">\n\t\t\t\t<div class=\"elementor-widget-container\">\n\t\t\t\t\t\t\t\t\t<p>Les services en option comprennent une offre qui va au-del\u00e0 des prestations de base et qui est utilis\u00e9e individuellement par certain\u00b7x\u00b7e\u00b7s client\u00b7x\u00b7e\u00b7s. Les b\u00e9n\u00e9ficiaires de ces prestations peuvent y souscrire \u00e0 titre payant.\u00a0<\/p><p>Outre les prestations de base et les services en option, SLSP propose \u00e9galement des services individuels, tels que des analyses, des prestations de conseil ou des nettoyages de donn\u00e9es, qui sont factur\u00e9s en fonction des d\u00e9penses r\u00e9elles. Nous \u00e9tablissons dans tous les cas une offre d\u00e9taill\u00e9e au pr\u00e9alable afin d\u2019offrir une transparence totale et une planification s\u00fbre.\u00a0<\/p><p>Notre \u00e9quipe se tient \u00e0 votre disposition pour toute question concernant les prix, les offres et les contrats.<\/p><p><a href=\"https:\/\/slsp.ch\/fr\/services-optionnels\/\">Vous trouverez ici les services en option.<\/a><\/p>\t\t\t\t\t\t\t\t<\/div>\n\t\t\t\t<\/div>\n\t\t\t\t\t<\/div>\n\t\t\t\t<\/div>\n\t\t\t\t<\/div>\n\t\t","protected":false},"excerpt":{"rendered":"<p>Offre de services swisscovery SLSP distingue les prestations de base, les services en option et les services personnalis\u00e9s. Prestations de base Services optionnels Prestations de base L\u2019utilisation de swisscovery fait partie de nos prestations de base. Celles-ci comprennent non seulement l\u2019acc\u00e8s aux syst\u00e8mes, mais aussi des prestations suppl\u00e9mentaires, des formations et une offre d\u2019assistance compl\u00e8te. [&hellip;]<\/p>\n","protected":false},"author":3,"featured_media":0,"parent":0,"menu_order":15,"comment_status":"closed","ping_status":"closed","template":"","meta":{"footnotes":""},"class_list":["post-2911","page","type-page","status-publish","hentry"],"_links":{"self":[{"href":"https:\/\/slsp.ch\/fr\/wp-json\/wp\/v2\/pages\/2911","targetHints":{"allow":["GET"]}}],"collection":[{"href":"https:\/\/slsp.ch\/fr\/wp-json\/wp\/v2\/pages"}],"about":[{"href":"https:\/\/slsp.ch\/fr\/wp-json\/wp\/v2\/types\/page"}],"author":[{"embeddable":true,"href":"https:\/\/slsp.ch\/fr\/wp-json\/wp\/v2\/users\/3"}],"replies":[{"embeddable":true,"href":"https:\/\/slsp.ch\/fr\/wp-json\/wp\/v2\/comments?post=2911"}],"version-history":[{"count":34,"href":"https:\/\/slsp.ch\/fr\/wp-json\/wp\/v2\/pages\/2911\/revisions"}],"predecessor-version":[{"id":3712,"href":"https:\/\/slsp.ch\/fr\/wp-json\/wp\/v2\/pages\/2911\/revisions\/3712"}],"wp:attachment":[{"href":"https:\/\/slsp.ch\/fr\/wp-json\/wp\/v2\/media?parent=2911"}],"curies":[{"name":"wp","href":"https:\/\/api.w.org\/{rel}","templated":true}]}}