{"id":2938,"date":"2024-01-04T15:24:27","date_gmt":"2024-01-04T14:24:27","guid":{"rendered":"https:\/\/slsp.ch\/histoire-de-slsp\/"},"modified":"2025-09-03T07:29:57","modified_gmt":"2025-09-03T05:29:57","slug":"histoire-de-slsp","status":"publish","type":"page","link":"https:\/\/slsp.ch\/fr\/histoire-de-slsp\/","title":{"rendered":"Histoire de SLSP"},"content":{"rendered":"\t\t<div data-elementor-type=\"wp-page\" data-elementor-id=\"2938\" class=\"elementor elementor-2938 elementor-1669\" data-elementor-post-type=\"page\">\n\t\t\t\t<div class=\"elementor-element elementor-element-64cc3eba e-flex e-con-boxed e-con e-parent\" data-id=\"64cc3eba\" data-element_type=\"container\" data-e-type=\"container\" data-settings=\"{&quot;jet_parallax_layout_list&quot;:[]}\">\n\t\t\t\t\t<div class=\"e-con-inner\">\n\t\t\t\t<div class=\"elementor-element elementor-element-397bce36 elementor-widget elementor-widget-heading\" data-id=\"397bce36\" data-element_type=\"widget\" data-e-type=\"widget\" data-widget_type=\"heading.default\">\n\t\t\t\t<div class=\"elementor-widget-container\">\n\t\t\t\t\t<h1 class=\"elementor-heading-title elementor-size-default\">Histoire de SLSP<\/h1>\t\t\t\t<\/div>\n\t\t\t\t<\/div>\n\t\t\t\t<div class=\"elementor-element elementor-element-32ea2ab textlink elementor-widget elementor-widget-text-editor\" data-id=\"32ea2ab\" data-element_type=\"widget\" data-e-type=\"widget\" data-widget_type=\"text-editor.default\">\n\t\t\t\t<div class=\"elementor-widget-container\">\n\t\t\t\t\t\t\t\t\t<p>Au d\u00e9but des ann\u00e9es 2010, les biblioth\u00e8ques scientifiques de Suisse entament une conversation qui fera des vagues, petites mais importantes. Au sein de cette communaut\u00e9, quelques <span lang=\"FR-CH\">pr\u00e9cureur\u00b7x\u00b7se\u00b7s<\/span> ont r\u00e9alis\u00e9 que les r\u00e9seaux de biblioth\u00e8ques existants, alors au nombre de six, <span lang=\"FR-CH\">sont confront\u00e9s <\/span> \u00e0 un d\u00e9fi commun : la n\u00e9cessit\u00e9 de remplacer leurs syst\u00e8mes de biblioth\u00e8que existants dans un avenir proche et de les remplacer par de nouvelles solutions plus modernes. Cette prise de conscience est l&rsquo;\u00e9tincelle d&rsquo;une vision de grande envergure. Pourquoi ne pas consid\u00e9rer ce moment de changement comme une opportunit\u00e9 de renouveler non seulement les syst\u00e8mes, mais aussi de repenser fondamentalement la mani\u00e8re dont nous acc\u00e9dons aux publications scientifiques ?<\/p><p>C&rsquo;est ainsi que n\u00e9e l&rsquo;id\u00e9e de d\u00e9velopper une plateforme qui permettrait d&rsquo;acc\u00e9der \u00e0 toutes les informations scientifiques de Suisse avec un seul login. Il s&rsquo;agit d&rsquo;un projet ambitieux, mais port\u00e9 par la conviction que l&rsquo;acc\u00e8s commun au savoir permettrait d&rsquo;am\u00e9liorer la recherche et l&rsquo;\u00e9ducation, les travaux d&rsquo;avant-projet commencent. En 2015, le projet \u00ab\u00a0SLSP Swiss Library Service Platform\u00a0\u00bb, soutenu par 15 biblioth\u00e8ques et cofinanc\u00e9 par swissuniversities dans le cadre du programme P-5, d\u00e9bute ses travaux.<\/p><p>D\u00e8s le d\u00e9part, le projet est une entreprise collective, inspir\u00e9e par la conviction que les efforts collectifs peuvent am\u00e9liorer la mani\u00e8re dont les documents scientifiques sont rendus accessibles. Le d\u00e9fi commun de devoir introduire de nouveaux syst\u00e8mes a permis de voir encore plus clairement le potentiel des effets de synergie. Il ne s&rsquo;agit pas seulement de trouver une nouvelle solution technique, mais aussi de faire \u00e9voluer l&rsquo;accessibilit\u00e9 des publications scientifiques gr\u00e2ce \u00e0 la collaboration.<\/p><p>Aujourd&rsquo;hui, quelques ann\u00e9es plus tard, nous reconnaissons la valeur de ces efforts communs. SLSP a simplifi\u00e9 l&rsquo;acc\u00e8s aux publications scientifiques et nous a montr\u00e9 \u00e0 quel point l&rsquo;uniformisation et la collaboration peuvent \u00eatre pr\u00e9cieuses.<\/p>\t\t\t\t\t\t\t\t<\/div>\n\t\t\t\t<\/div>\n\t\t\t\t\t<\/div>\n\t\t\t\t<\/div>\n\t\t<div class=\"elementor-element elementor-element-43c1273a e-flex e-con-boxed e-con e-parent\" data-id=\"43c1273a\" data-element_type=\"container\" data-e-type=\"container\" data-settings=\"{&quot;jet_parallax_layout_list&quot;:[]}\">\n\t\t\t\t\t<div class=\"e-con-inner\">\n\t\t\t\t<div class=\"elementor-element elementor-element-b23fec9 elementor-widget elementor-widget-menu-anchor\" data-id=\"b23fec9\" data-element_type=\"widget\" data-e-type=\"widget\" data-widget_type=\"menu-anchor.default\">\n\t\t\t\t<div class=\"elementor-widget-container\">\n\t\t\t\t\t\t\t<div class=\"elementor-menu-anchor\" id=\"Mission\"><\/div>\n\t\t\t\t\t\t<\/div>\n\t\t\t\t<\/div>\n\t\t\t\t<div class=\"elementor-element elementor-element-2349880 elementor-widget elementor-widget-heading\" data-id=\"2349880\" data-element_type=\"widget\" data-e-type=\"widget\" data-widget_type=\"heading.default\">\n\t\t\t\t<div class=\"elementor-widget-container\">\n\t\t\t\t\t<h2 class=\"elementor-heading-title elementor-size-default\">2015-2016<\/h2>\t\t\t\t<\/div>\n\t\t\t\t<\/div>\n\t\t\t\t<div class=\"elementor-element elementor-element-cf1871a textlink elementor-widget elementor-widget-text-editor\" data-id=\"cf1871a\" data-element_type=\"widget\" data-e-type=\"widget\" data-widget_type=\"text-editor.default\">\n\t\t\t\t<div class=\"elementor-widget-container\">\n\t\t\t\t\t\t\t\t\t<p>Une \u00e9tude de faisabilit\u00e9 est men\u00e9e avec la participation de neuf universit\u00e9s, financ\u00e9e par P-5 de swissuniverisities.<\/p>\t\t\t\t\t\t\t\t<\/div>\n\t\t\t\t<\/div>\n\t\t\t\t<div class=\"elementor-element elementor-element-fad8bc9 elementor-widget elementor-widget-heading\" data-id=\"fad8bc9\" data-element_type=\"widget\" data-e-type=\"widget\" data-widget_type=\"heading.default\">\n\t\t\t\t<div class=\"elementor-widget-container\">\n\t\t\t\t\t<h2 class=\"elementor-heading-title elementor-size-default\">2017<\/h2>\t\t\t\t<\/div>\n\t\t\t\t<\/div>\n\t\t\t\t<div class=\"elementor-element elementor-element-437f25ec textlink elementor-widget elementor-widget-text-editor\" data-id=\"437f25ec\" data-element_type=\"widget\" data-e-type=\"widget\" data-widget_type=\"text-editor.default\">\n\t\t\t\t<div class=\"elementor-widget-container\">\n\t\t\t\t\t\t\t\t\t<p>Apr\u00e8s l&rsquo;\u00e9tude de faisabilit\u00e9, la d\u00e9cision est prise en f\u00e9vrier 2017 de mettre en place une plateforme nationale de services aux biblioth\u00e8ques pour les biblioth\u00e8ques scientifiques. S&rsquo;ensuit la cr\u00e9ation de la soci\u00e9t\u00e9 \u00e0 but non lucratif SLSP AG et l&rsquo;appel d&rsquo;offres pour un nouveau syst\u00e8me de gestion de biblioth\u00e8que. En d\u00e9cembre 2017, le march\u00e9 est attribu\u00e9 \u00e0 la soci\u00e9t\u00e9 Ex Libris pour les produits Alma et Primo en tant que future solution de syst\u00e8me de biblioth\u00e8que.<\/p>\t\t\t\t\t\t\t\t<\/div>\n\t\t\t\t<\/div>\n\t\t\t\t<div class=\"elementor-element elementor-element-5b5a8c87 elementor-widget__width-inherit elementor-widget elementor-widget-heading\" data-id=\"5b5a8c87\" data-element_type=\"widget\" data-e-type=\"widget\" data-widget_type=\"heading.default\">\n\t\t\t\t<div class=\"elementor-widget-container\">\n\t\t\t\t\t<h2 class=\"elementor-heading-title elementor-size-default\">2018<\/h2>\t\t\t\t<\/div>\n\t\t\t\t<\/div>\n\t\t\t\t<div class=\"elementor-element elementor-element-27d0f0b textlink elementor-widget elementor-widget-text-editor\" data-id=\"27d0f0b\" data-element_type=\"widget\" data-e-type=\"widget\" data-widget_type=\"text-editor.default\">\n\t\t\t\t<div class=\"elementor-widget-container\">\n\t\t\t\t\t\t\t\t\t<p>SLSP commence ses activit\u00e9s \u00e0 la Werdstrasse 2 dans les locaux de Switch \u00e0 Zurich. Apr\u00e8s le succ\u00e8s des n\u00e9gociations contractuelles avec le fournisseur du syst\u00e8me Ex Libris, le projet \u00ab\u00a0Int\u00e9gration du syst\u00e8me\u00a0\u00bb d\u00e9bute en septembre avec 11 biblioth\u00e8ques Vanguard. Les expert\u00b7x\u00b7e\u00b7s travaillent \u00e0 la conception du syst\u00e8me de biblioth\u00e8que et des services dans le cadre de trois projets partiels. Dans le courant de l&rsquo;ann\u00e9e, SLSP d\u00e9m\u00e9nagera dans ses propres locaux \u00e0 la Lutherstrasse 2 \u00e0 Zurich.<\/p>\t\t\t\t\t\t\t\t<\/div>\n\t\t\t\t<\/div>\n\t\t\t\t<div class=\"elementor-element elementor-element-c32fd17 elementor-widget__width-inherit elementor-widget elementor-widget-heading\" data-id=\"c32fd17\" data-element_type=\"widget\" data-e-type=\"widget\" data-widget_type=\"heading.default\">\n\t\t\t\t<div class=\"elementor-widget-container\">\n\t\t\t\t\t<h2 class=\"elementor-heading-title elementor-size-default\">2019-2020<\/h2>\t\t\t\t<\/div>\n\t\t\t\t<\/div>\n\t\t\t\t<div class=\"elementor-element elementor-element-88a8e16 textlink elementor-widget elementor-widget-text-editor\" data-id=\"88a8e16\" data-element_type=\"widget\" data-e-type=\"widget\" data-widget_type=\"text-editor.default\">\n\t\t\t\t<div class=\"elementor-widget-container\">\n\t\t\t\t\t\t\t\t\t<p>SLSP s&rsquo;agrandit et les travaux du projet \u00ab\u00a0Int\u00e9gration du syst\u00e8me\u00a0\u00bb se poursuivent. Outre la configuration du syst\u00e8me et la mise en place de services tels que le Courrier SLSP, une formation compl\u00e8te pour les collaborateurs\u00b7x\u00b7trices des biblioth\u00e8ques est en cours d&rsquo;\u00e9laboration. Un espace de co-working est cr\u00e9\u00e9 \u00e0 Lausanne sur le site de La Serre.<\/p><p>En janvier 2020, le bureau du Consortium des biblioth\u00e8ques universitaires suisses est int\u00e9gr\u00e9 \u00e0 SLSP. Le Consortium acquiert des licences pour les ressources scientifiques (revues \u00e9lectroniques, e-books et bases de donn\u00e9es) et prend en charge d&rsquo;autres prestations telles que la n\u00e9gociation des licences avec les fournisseurs.<\/p>\t\t\t\t\t\t\t\t<\/div>\n\t\t\t\t<\/div>\n\t\t\t\t<div class=\"elementor-element elementor-element-0c01d16 elementor-widget__width-inherit elementor-widget elementor-widget-heading\" data-id=\"0c01d16\" data-element_type=\"widget\" data-e-type=\"widget\" data-widget_type=\"heading.default\">\n\t\t\t\t<div class=\"elementor-widget-container\">\n\t\t\t\t\t<h2 class=\"elementor-heading-title elementor-size-default\">07.12.2020<\/h2>\t\t\t\t<\/div>\n\t\t\t\t<\/div>\n\t\t\t\t<div class=\"elementor-element elementor-element-67fb86c textlink elementor-widget elementor-widget-text-editor\" data-id=\"67fb86c\" data-element_type=\"widget\" data-e-type=\"widget\" data-widget_type=\"text-editor.default\">\n\t\t\t\t<div class=\"elementor-widget-container\">\n\t\t\t\t\t\t\t\t\t<p>Apr\u00e8s deux ans dans le projet \u00ab\u00a0Int\u00e9gration du syst\u00e8me\u00a0\u00bb, environ 470 biblioth\u00e8ques sont mises en service sur la nouvelle plateforme swisscovery.<\/p>\t\t\t\t\t\t\t\t<\/div>\n\t\t\t\t<\/div>\n\t\t\t\t<div class=\"elementor-element elementor-element-df2c6b2 elementor-widget__width-inherit elementor-widget elementor-widget-heading\" data-id=\"df2c6b2\" data-element_type=\"widget\" data-e-type=\"widget\" data-widget_type=\"heading.default\">\n\t\t\t\t<div class=\"elementor-widget-container\">\n\t\t\t\t\t<h2 class=\"elementor-heading-title elementor-size-default\">2021<\/h2>\t\t\t\t<\/div>\n\t\t\t\t<\/div>\n\t\t\t\t<div class=\"elementor-element elementor-element-2ae280f textlink elementor-widget elementor-widget-text-editor\" data-id=\"2ae280f\" data-element_type=\"widget\" data-e-type=\"widget\" data-widget_type=\"text-editor.default\">\n\t\t\t\t<div class=\"elementor-widget-container\">\n\t\t\t\t\t\t\t\t\t<p>Au cours de la premi\u00e8re ann\u00e9e d&rsquo;exploitation, swisscovery est optimis\u00e9 continuellement. Beaucoup d&rsquo;\u00e9nergie est consacr\u00e9e \u00e0 la consolidation de la plateforme. Cependant, diff\u00e9rents projets ont \u00e9galement \u00e9t\u00e9 mis en \u0153uvre \u00e0 la demande des biblioth\u00e8ques. Entre autres, de nouvelles biblioth\u00e8ques ont \u00e9t\u00e9 ajout\u00e9es pour la premi\u00e8re fois.<\/p>\t\t\t\t\t\t\t\t<\/div>\n\t\t\t\t<\/div>\n\t\t\t\t<div class=\"elementor-element elementor-element-80f043b elementor-widget__width-inherit elementor-widget elementor-widget-heading\" data-id=\"80f043b\" data-element_type=\"widget\" data-e-type=\"widget\" data-widget_type=\"heading.default\">\n\t\t\t\t<div class=\"elementor-widget-container\">\n\t\t\t\t\t<h2 class=\"elementor-heading-title elementor-size-default\">2022<\/h2>\t\t\t\t<\/div>\n\t\t\t\t<\/div>\n\t\t\t\t<div class=\"elementor-element elementor-element-c07380f textlink elementor-widget elementor-widget-text-editor\" data-id=\"c07380f\" data-element_type=\"widget\" data-e-type=\"widget\" data-widget_type=\"text-editor.default\">\n\t\t\t\t<div class=\"elementor-widget-container\">\n\t\t\t\t\t\t\t\t\t<p>En 2022, le r\u00e9seau Alexandria et ses 15 biblioth\u00e8ques migrent avec succ\u00e8s vers swisscovery en avril. Au total, environ 490 biblioth\u00e8ques sont d\u00e9sormais affili\u00e9es \u00e0 swisscovery.<\/p><p>Le premier forum SLSP pour les responsable\u00b7x\u00b7s des biblioth\u00e8ques participant \u00e0 swisscovery a lieu \u00e0 Berne. Cette manifestation, qui a lieu deux fois par an, vise \u00e0 promouvoir l&rsquo;\u00e9change entre les biblioth\u00e8ques et SLSP.<\/p><p>En octobre, SLSP emm\u00e9nage dans de nouveaux bureaux \u00e0 la Kasernenstrasse 77 A\/B \u00e0 Zurich et conna\u00eet en m\u00eame temps une r\u00e9organisation : de nouveaux chef\u00b7x\u00b7fe\u00b7s d&rsquo;\u00e9quipe sont introduit\u00b7x\u00b7e\u00b7s.<\/p><p>En novembre 2022, apr\u00e8s presque deux ans de projet, l&rsquo;outil de partage des ressources Rapido est mis en service.<\/p><p>Le r\u00e9seau Renouvaud et SLSP se rapprochent. Les biblioth\u00e8ques du r\u00e9seau Renouvaud dans le canton de Vaud sont d\u00e9sormais <span lang=\"FR-CH\">reli\u00e9es <\/span> au Courrier SLSP et les m\u00e9dias peuvent \u00eatre <span lang=\"FR-CH\">emprunt\u00e9s <\/span> de mani\u00e8re transversale.<\/p>\t\t\t\t\t\t\t\t<\/div>\n\t\t\t\t<\/div>\n\t\t\t\t<div class=\"elementor-element elementor-element-32ef266 elementor-widget__width-inherit elementor-widget elementor-widget-heading\" data-id=\"32ef266\" data-element_type=\"widget\" data-e-type=\"widget\" data-widget_type=\"heading.default\">\n\t\t\t\t<div class=\"elementor-widget-container\">\n\t\t\t\t\t<h2 class=\"elementor-heading-title elementor-size-default\">2023<\/h2>\t\t\t\t<\/div>\n\t\t\t\t<\/div>\n\t\t\t\t<div class=\"elementor-element elementor-element-8614497 textlink elementor-widget elementor-widget-text-editor\" data-id=\"8614497\" data-element_type=\"widget\" data-e-type=\"widget\" data-widget_type=\"text-editor.default\">\n\t\t\t\t<div class=\"elementor-widget-container\">\n\t\t\t\t\t\t\t\t\t<p>D&rsquo;autres biblioth\u00e8ques rejoignent swisscovery, notamment le r\u00e9seau des biblioth\u00e8ques d&rsquo;Argovie. SLSP r\u00e9vise sa gouvernance et renforce ainsi les possibilit\u00e9s de participation des biblioth\u00e8ques. Gr\u00e2ce \u00e0 l&rsquo;introduction d&rsquo;un nouvel outil de communication, SLSP peut communiquer de mani\u00e8re encore plus cibl\u00e9e avec les collaborateurs\u00b7x\u00b7trice\u00b7s des biblioth\u00e8ques.<\/p>\t\t\t\t\t\t\t\t<\/div>\n\t\t\t\t<\/div>\n\t\t\t\t<div class=\"elementor-element elementor-element-2102f19 elementor-widget__width-inherit elementor-widget elementor-widget-heading\" data-id=\"2102f19\" data-element_type=\"widget\" data-e-type=\"widget\" data-widget_type=\"heading.default\">\n\t\t\t\t<div class=\"elementor-widget-container\">\n\t\t\t\t\t<h2 class=\"elementor-heading-title elementor-size-default\">2024<\/h2>\t\t\t\t<\/div>\n\t\t\t\t<\/div>\n\t\t\t\t<div class=\"elementor-element elementor-element-dfe03af textlink elementor-widget elementor-widget-text-editor\" data-id=\"dfe03af\" data-element_type=\"widget\" data-e-type=\"widget\" data-widget_type=\"text-editor.default\">\n\t\t\t\t<div class=\"elementor-widget-container\">\n\t\t\t\t\t\t\t\t\t<p>De nouvelles biblioth\u00e8ques adh\u00e8rent \u00e0 swisscovery. La gouvernance r\u00e9vis\u00e9e est mise en \u0153uvre, renfor\u00e7ant la participation des biblioth\u00e8ques aux d\u00e9veloppements de SLSP. Le contrat de service existant est r\u00e9vis\u00e9 et adapt\u00e9 en cons\u00e9quence. Le deuxi\u00e8me SLSP symposium se d\u00e9roule sous la devise \u00ab Centrage sur l&rsquo;usager\u00b7\u00e8re dans les biblioth\u00e8ques : Comprendre, mettre en r\u00e9seau, am\u00e9liore \u00bb.<\/p>\t\t\t\t\t\t\t\t<\/div>\n\t\t\t\t<\/div>\n\t\t\t\t\t<\/div>\n\t\t\t\t<\/div>\n\t\t\t\t<\/div>\n\t\t","protected":false},"excerpt":{"rendered":"<p>Histoire de SLSP Au d\u00e9but des ann\u00e9es 2010, les biblioth\u00e8ques scientifiques de Suisse entament une conversation qui fera des vagues, petites mais importantes. Au sein de cette communaut\u00e9, quelques pr\u00e9cureur\u00b7x\u00b7se\u00b7s ont r\u00e9alis\u00e9 que les r\u00e9seaux de biblioth\u00e8ques existants, alors au nombre de six, sont confront\u00e9s \u00e0 un d\u00e9fi commun : la n\u00e9cessit\u00e9 de remplacer leurs [&hellip;]<\/p>\n","protected":false},"author":3,"featured_media":0,"parent":0,"menu_order":14,"comment_status":"closed","ping_status":"closed","template":"","meta":{"footnotes":""},"class_list":["post-2938","page","type-page","status-publish","hentry"],"_links":{"self":[{"href":"https:\/\/slsp.ch\/fr\/wp-json\/wp\/v2\/pages\/2938","targetHints":{"allow":["GET"]}}],"collection":[{"href":"https:\/\/slsp.ch\/fr\/wp-json\/wp\/v2\/pages"}],"about":[{"href":"https:\/\/slsp.ch\/fr\/wp-json\/wp\/v2\/types\/page"}],"author":[{"embeddable":true,"href":"https:\/\/slsp.ch\/fr\/wp-json\/wp\/v2\/users\/3"}],"replies":[{"embeddable":true,"href":"https:\/\/slsp.ch\/fr\/wp-json\/wp\/v2\/comments?post=2938"}],"version-history":[{"count":81,"href":"https:\/\/slsp.ch\/fr\/wp-json\/wp\/v2\/pages\/2938\/revisions"}],"predecessor-version":[{"id":8348,"href":"https:\/\/slsp.ch\/fr\/wp-json\/wp\/v2\/pages\/2938\/revisions\/8348"}],"wp:attachment":[{"href":"https:\/\/slsp.ch\/fr\/wp-json\/wp\/v2\/media?parent=2938"}],"curies":[{"name":"wp","href":"https:\/\/api.w.org\/{rel}","templated":true}]}}