{"id":2964,"date":"2024-01-04T15:17:12","date_gmt":"2024-01-04T14:17:12","guid":{"rendered":"https:\/\/slsp.ch\/organisation\/"},"modified":"2024-04-16T09:55:39","modified_gmt":"2024-04-16T07:55:39","slug":"organisation","status":"publish","type":"page","link":"https:\/\/slsp.ch\/fr\/organisation\/","title":{"rendered":"Organisation"},"content":{"rendered":"\t\t<div data-elementor-type=\"wp-page\" data-elementor-id=\"2964\" class=\"elementor elementor-2964 elementor-1665\" data-elementor-post-type=\"page\">\n\t\t\t\t<div class=\"elementor-element elementor-element-515f66d7 e-flex e-con-boxed e-con e-parent\" data-id=\"515f66d7\" data-element_type=\"container\" data-e-type=\"container\" data-settings=\"{&quot;jet_parallax_layout_list&quot;:[]}\">\n\t\t\t\t\t<div class=\"e-con-inner\">\n\t\t\t\t<div class=\"elementor-element elementor-element-57f393db elementor-widget elementor-widget-heading\" data-id=\"57f393db\" data-element_type=\"widget\" data-e-type=\"widget\" data-widget_type=\"heading.default\">\n\t\t\t\t<div class=\"elementor-widget-container\">\n\t\t\t\t\t<h1 class=\"elementor-heading-title elementor-size-default\">Organisation de SLSP<\/h1>\t\t\t\t<\/div>\n\t\t\t\t<\/div>\n\t\t\t\t<div class=\"elementor-element elementor-element-11d3467d textlink elementor-widget elementor-widget-text-editor\" data-id=\"11d3467d\" data-element_type=\"widget\" data-e-type=\"widget\" data-widget_type=\"text-editor.default\">\n\t\t\t\t<div class=\"elementor-widget-container\">\n\t\t\t\t\t\t\t\t\t<p>La Swiss Library Service Platform (SLSP) SA, dont le si\u00e8ge est \u00e0 Zurich et avec la Antenne Romande, un Co-Working-Space \u00e0 Lausanne, incarne l\u2019innovation et la qualit\u00e9 dans le domaine de la gestion de l\u2019information. Avec une cinquantaine de membres du personnel motiv\u00e9s et une structure visant l\u2019efficacit\u00e9 et l\u2019optimisation constante, SLSP joue un r\u00f4le cl\u00e9 dans le soutien de la recherche et de l\u2019\u00e9ducation. Gr\u00e2ce \u00e0 une communication ouverte, des hi\u00e9rarchies horizontales et une action orient\u00e9e vers les client\u00b7x\u00b7e\u00b7s, SLSP renforce les biblioth\u00e8ques scientifiques et le p\u00f4le scientifique suisses.<\/p>\t\t\t\t\t\t\t\t<\/div>\n\t\t\t\t<\/div>\n\t\t\t\t\t<\/div>\n\t\t\t\t<\/div>\n\t\t<div class=\"elementor-element elementor-element-36249f59 e-flex e-con-boxed e-con e-parent\" data-id=\"36249f59\" data-element_type=\"container\" data-e-type=\"container\" data-settings=\"{&quot;jet_parallax_layout_list&quot;:[]}\">\n\t\t\t\t\t<div class=\"e-con-inner\">\n\t\t\t\t<div class=\"elementor-element elementor-element-50dab96c elementor-widget elementor-widget-menu-anchor\" data-id=\"50dab96c\" data-element_type=\"widget\" data-e-type=\"widget\" data-widget_type=\"menu-anchor.default\">\n\t\t\t\t<div class=\"elementor-widget-container\">\n\t\t\t\t\t\t\t<div class=\"elementor-menu-anchor\" id=\"Mission\"><\/div>\n\t\t\t\t\t\t<\/div>\n\t\t\t\t<\/div>\n\t\t\t\t<div class=\"elementor-element elementor-element-5747627 textlink elementor-widget elementor-widget-text-editor\" data-id=\"5747627\" data-element_type=\"widget\" data-e-type=\"widget\" data-widget_type=\"text-editor.default\">\n\t\t\t\t<div class=\"elementor-widget-container\">\n\t\t\t\t\t\t\t\t\t<p>Organisation jeune et dynamique, SLSP se distingue par des structures souples qui permettent aux membres du personnel de mettre en avant leurs points forts et leurs centres d\u2019int\u00e9r\u00eat au sein de toutes les \u00e9quipes. Cette m\u00e9thode de travail flexible et int\u00e9grative favorise l\u2019innovation et la cr\u00e9ativit\u00e9 et fait de SLSP, avec son mod\u00e8le de travail moderne et ses possibilit\u00e9s de d\u00e9veloppement, un employeur attrayant.<\/p><p>Les trois unit\u00e9s de service de SLSP\u00a0\u2013\u00a0Network Services, Management Services et Consortial Services\u00a0\u2013\u00a0constituent le fondement de l\u2019entreprise. Network Services est responsable du syst\u00e8me central swisscovery et d\u2019un vaste portefeuille de services qui y est li\u00e9, il soutient les biblioth\u00e8ques affili\u00e9es et contribue ainsi de mani\u00e8re d\u00e9terminante \u00e0 l\u2019optimisation de la gestion des biblioth\u00e8ques. Consortial Services n\u00e9gocie et g\u00e8re les licences pour les institutions participant au consortium, ce qui conf\u00e8re \u00e0 SLSP un r\u00f4le cl\u00e9 dans la gestion des licences acad\u00e9miques. Management Services assume la responsabilit\u00e9 des processus de soutien internes et couvre entre autres les domaines People\u00a0&amp; Culture, informatique interne ou Finances, y compris la facturation aux clients finaux pour les biblioth\u00e8ques.<\/p><p>La direction de SLSP g\u00e8re les activit\u00e9s op\u00e9rationnelles de l\u2019entreprise et garantit le r\u00f4le de leader de SLSP dans le domaine de la gestion de l\u2019information. Le conseil d\u2019administration d\u00e9finit la direction strat\u00e9gique et les objectifs. Le conseil des biblioth\u00e8ques est le comit\u00e9 de participation sup\u00e9rieur mis en place par le conseil d\u2019administration dans la gouvernance de swisscovery et soutient la direction de SLSP dans les questions techniques. Il veille \u00e0 ce que les int\u00e9r\u00eats des diff\u00e9rents types de biblioth\u00e8ques soient pris en compte dans la conception des projets, des services et des r\u00e8gles et normes. Sont consid\u00e9r\u00e9es comme types de biblioth\u00e8ques les biblioth\u00e8ques universitaires, des hautes \u00e9coles sp\u00e9cialis\u00e9es, des hautes \u00e9coles p\u00e9dagogiques ainsi que les autres biblioth\u00e8ques scientifiques ou patrimoniales affili\u00e9es \u00e0 swisscovery.<\/p><p>Gr\u00e2ce \u00e0 la combinaison d\u2019une expertise professionnelle, d\u2019une structure organisationnelle dynamique et d\u2019une forte orientation client\u00e8le, SLSP est parfaitement positionn\u00e9e pour relever avec succ\u00e8s les d\u00e9fis de la gestion de l\u2019information et pour se d\u00e9velopper en permanence.<\/p><p>Les partenariats strat\u00e9giques constituent la base du succ\u00e8s de SLSP. Ils permettent \u00e0 la plate-forme de renforcer continuellement son r\u00e9seau et de promouvoir activement les progr\u00e8s dans la gestion de l\u2019information scientifique. Gr\u00e2ce \u00e0 ses services, SLSP garantit que la gestion de l\u2019information en Suisse se situe toujours \u00e0 la pointe de la technologie. Cela se refl\u00e8te clairement dans la relation de confiance que SLSP a su \u00e9tablir. L\u2019expertise professionnelle et l\u2019engagement de SLSP \u00e0 r\u00e9pondre aux besoins de sa client\u00e8le font de l\u2019entreprise un partenaire incontournable dans le monde des biblioth\u00e8ques scientifiques et de la gestion de l\u2019information.<\/p><p>SLSP n\u2019a pas de but lucratif. Les contributions des biblioth\u00e8ques affili\u00e9es sont utilis\u00e9es pour l\u2019exploitation courante et l\u2019am\u00e9lioration de la plateforme commune des biblioth\u00e8ques swisscovery et des services qui s\u2019y rapportent.<\/p>\t\t\t\t\t\t\t\t<\/div>\n\t\t\t\t<\/div>\n\t\t\t\t\t<\/div>\n\t\t\t\t<\/div>\n\t\t\t\t<\/div>\n\t\t","protected":false},"excerpt":{"rendered":"<p>Organisation de SLSP La Swiss Library Service Platform (SLSP) SA, dont le si\u00e8ge est \u00e0 Zurich et avec la Antenne Romande, un Co-Working-Space \u00e0 Lausanne, incarne l\u2019innovation et la qualit\u00e9 dans le domaine de la gestion de l\u2019information. Avec une cinquantaine de membres du personnel motiv\u00e9s et une structure visant l\u2019efficacit\u00e9 et l\u2019optimisation constante, SLSP [&hellip;]<\/p>\n","protected":false},"author":3,"featured_media":0,"parent":0,"menu_order":13,"comment_status":"closed","ping_status":"closed","template":"","meta":{"footnotes":""},"class_list":["post-2964","page","type-page","status-publish","hentry"],"_links":{"self":[{"href":"https:\/\/slsp.ch\/fr\/wp-json\/wp\/v2\/pages\/2964","targetHints":{"allow":["GET"]}}],"collection":[{"href":"https:\/\/slsp.ch\/fr\/wp-json\/wp\/v2\/pages"}],"about":[{"href":"https:\/\/slsp.ch\/fr\/wp-json\/wp\/v2\/types\/page"}],"author":[{"embeddable":true,"href":"https:\/\/slsp.ch\/fr\/wp-json\/wp\/v2\/users\/3"}],"replies":[{"embeddable":true,"href":"https:\/\/slsp.ch\/fr\/wp-json\/wp\/v2\/comments?post=2964"}],"version-history":[{"count":19,"href":"https:\/\/slsp.ch\/fr\/wp-json\/wp\/v2\/pages\/2964\/revisions"}],"predecessor-version":[{"id":6034,"href":"https:\/\/slsp.ch\/fr\/wp-json\/wp\/v2\/pages\/2964\/revisions\/6034"}],"wp:attachment":[{"href":"https:\/\/slsp.ch\/fr\/wp-json\/wp\/v2\/media?parent=2964"}],"curies":[{"name":"wp","href":"https:\/\/api.w.org\/{rel}","templated":true}]}}