{"id":2985,"date":"2024-01-04T15:13:40","date_gmt":"2024-01-04T14:13:40","guid":{"rendered":"https:\/\/slsp.ch\/vision\/"},"modified":"2026-01-22T15:48:03","modified_gmt":"2026-01-22T14:48:03","slug":"strategie","status":"publish","type":"page","link":"https:\/\/slsp.ch\/fr\/strategie\/","title":{"rendered":"Strat\u00e9gie"},"content":{"rendered":"\t\t<div data-elementor-type=\"wp-page\" data-elementor-id=\"2985\" class=\"elementor elementor-2985 elementor-1661\" data-elementor-post-type=\"page\">\n\t\t\t\t<div class=\"elementor-element elementor-element-65d07379 e-flex e-con-boxed e-con e-parent\" data-id=\"65d07379\" data-element_type=\"container\" data-e-type=\"container\" id=\"content\" data-settings=\"{&quot;background_background&quot;:&quot;classic&quot;,&quot;jet_parallax_layout_list&quot;:[]}\">\n\t\t\t\t\t<div class=\"e-con-inner\">\n\t\t\t\t<div class=\"elementor-element elementor-element-6e4c3fb elementor-widget elementor-widget-menu-anchor\" data-id=\"6e4c3fb\" data-element_type=\"widget\" data-e-type=\"widget\" data-widget_type=\"menu-anchor.default\">\n\t\t\t\t<div class=\"elementor-widget-container\">\n\t\t\t\t\t\t\t<div class=\"elementor-menu-anchor\" id=\"top\"><\/div>\n\t\t\t\t\t\t<\/div>\n\t\t\t\t<\/div>\n\t\t\t\t<div class=\"elementor-element elementor-element-30aa9ab4 elementor-widget elementor-widget-image\" data-id=\"30aa9ab4\" data-element_type=\"widget\" data-e-type=\"widget\" data-widget_type=\"image.default\">\n\t\t\t\t<div class=\"elementor-widget-container\">\n\t\t\t\t\t\t\t\t\t\t\t\t\t\t\t<img fetchpriority=\"high\" decoding=\"async\" width=\"2400\" height=\"2400\" src=\"https:\/\/slsp.ch\/wp-content\/uploads\/2026\/01\/Strategy-Keyvisual.png\" class=\"attachment-large size-large wp-image-8969\" alt=\"\" srcset=\"https:\/\/slsp.ch\/wp-content\/uploads\/2026\/01\/Strategy-Keyvisual.png 2400w, https:\/\/slsp.ch\/wp-content\/uploads\/2026\/01\/Strategy-Keyvisual-768x768.png 768w, https:\/\/slsp.ch\/wp-content\/uploads\/2026\/01\/Strategy-Keyvisual-1536x1536.png 1536w, https:\/\/slsp.ch\/wp-content\/uploads\/2026\/01\/Strategy-Keyvisual-2048x2048.png 2048w\" sizes=\"(max-width: 2400px) 100vw, 2400px\" \/>\t\t\t\t\t\t\t\t\t\t\t\t\t\t\t<\/div>\n\t\t\t\t<\/div>\n\t\t\t\t\t<\/div>\n\t\t\t\t<\/div>\n\t\t<div class=\"elementor-element elementor-element-8d1f63a e-flex e-con-boxed e-con e-parent\" data-id=\"8d1f63a\" data-element_type=\"container\" data-e-type=\"container\" data-settings=\"{&quot;jet_parallax_layout_list&quot;:[]}\">\n\t\t\t\t\t<div class=\"e-con-inner\">\n\t\t\t\t<div class=\"elementor-element elementor-element-222311da elementor-widget elementor-widget-heading\" data-id=\"222311da\" data-element_type=\"widget\" data-e-type=\"widget\" data-widget_type=\"heading.default\">\n\t\t\t\t<div class=\"elementor-widget-container\">\n\t\t\t\t\t<h1 class=\"elementor-heading-title elementor-size-default\">Strat\u00e9gie<\/h1>\t\t\t\t<\/div>\n\t\t\t\t<\/div>\n\t\t\t\t<div class=\"elementor-element elementor-element-43b882c6 textlink elementor-widget elementor-widget-text-editor\" data-id=\"43b882c6\" data-element_type=\"widget\" data-e-type=\"widget\" data-widget_type=\"text-editor.default\">\n\t\t\t\t<div class=\"elementor-widget-container\">\n\t\t\t\t\t\t\t\t\t<div><span lang=\"FR-CH\">Avec sa strat\u00e9gie 2026 \u00e0 2029, la Swiss Library Service Platform met l&rsquo;accent sur des espaces de connaissances num\u00e9riques fiables, ouverts et p\u00e9rennes pour la Suisse. <\/span><\/div>\t\t\t\t\t\t\t\t<\/div>\n\t\t\t\t<\/div>\n\t\t\t\t\t<\/div>\n\t\t\t\t<\/div>\n\t\t<div class=\"elementor-element elementor-element-7d6cfc0e e-flex e-con-boxed e-con e-parent\" data-id=\"7d6cfc0e\" data-element_type=\"container\" data-e-type=\"container\" data-settings=\"{&quot;jet_parallax_layout_list&quot;:[]}\">\n\t\t\t\t\t<div class=\"e-con-inner\">\n\t\t\t\t<div class=\"elementor-element elementor-element-4bc329c2 textlink elementor-widget elementor-widget-text-editor\" data-id=\"4bc329c2\" data-element_type=\"widget\" data-e-type=\"widget\" data-widget_type=\"text-editor.default\">\n\t\t\t\t<div class=\"elementor-widget-container\">\n\t\t\t\t\t\t\t\t\t<div><span lang=\"FR-CH\">\u00c0 une \u00e9poque o\u00f9 les volumes d&rsquo;informations ne cessent de cro\u00eetre et o\u00f9 les syst\u00e8mes bas\u00e9s sur l&rsquo;IA se d\u00e9veloppent, la SLSP renforce l&rsquo;acc\u00e8s \u00e0 des connaissances v\u00e9rifiables et contextualis\u00e9es. La strat\u00e9gie mise sur des services orient\u00e9s vers l&rsquo;utilisation pour les biblioth\u00e8ques scientifiques, la promotion cibl\u00e9e de l&rsquo;innovation \u2013 en particulier dans le domaine de l&rsquo;IA \u2013 ainsi que sur des partenariats solides dans l&rsquo;\u00e9cosyst\u00e8me de l&rsquo;information. Parall\u00e8lement, la SLSP encourage l&rsquo;autonomie num\u00e9rique, la ma\u00eetrise des donn\u00e9es et les solutions durables pour les collections physiques et num\u00e9riques. La durabilit\u00e9 est ici consid\u00e9r\u00e9e comme un th\u00e8me transversal \u2013 sur les plans \u00e9cologique, social et \u00e9conomique. La strat\u00e9gie a \u00e9t\u00e9 \u00e9labor\u00e9e en collaboration avec des biblioth\u00e8ques et des partenaires et constitue la base du d\u00e9veloppement de l&rsquo;infrastructure biblioth\u00e9caire nationale jusqu&rsquo;en 2029.<\/span><\/div><div>\u00a0<\/div><div><a href=\"https:\/\/slsp.ch\/wp-content\/uploads\/2026\/01\/FR_SLSP_Strategy2629.pdf\">SLSP Strat\u00e9gie 2026 \u00e0 2029<\/a><\/div>\t\t\t\t\t\t\t\t<\/div>\n\t\t\t\t<\/div>\n\t\t\t\t\t<\/div>\n\t\t\t\t<\/div>\n\t\t\t\t<\/div>\n\t\t","protected":false},"excerpt":{"rendered":"<p>Strat\u00e9gie Avec sa strat\u00e9gie 2026 \u00e0 2029, la Swiss Library Service Platform met l&rsquo;accent sur des espaces de connaissances num\u00e9riques fiables, ouverts et p\u00e9rennes pour la Suisse. \u00c0 une \u00e9poque o\u00f9 les volumes d&rsquo;informations ne cessent de cro\u00eetre et o\u00f9 les syst\u00e8mes bas\u00e9s sur l&rsquo;IA se d\u00e9veloppent, la SLSP renforce l&rsquo;acc\u00e8s \u00e0 des connaissances v\u00e9rifiables [&hellip;]<\/p>\n","protected":false},"author":3,"featured_media":0,"parent":0,"menu_order":12,"comment_status":"closed","ping_status":"closed","template":"","meta":{"footnotes":""},"class_list":["post-2985","page","type-page","status-publish","hentry"],"_links":{"self":[{"href":"https:\/\/slsp.ch\/fr\/wp-json\/wp\/v2\/pages\/2985","targetHints":{"allow":["GET"]}}],"collection":[{"href":"https:\/\/slsp.ch\/fr\/wp-json\/wp\/v2\/pages"}],"about":[{"href":"https:\/\/slsp.ch\/fr\/wp-json\/wp\/v2\/types\/page"}],"author":[{"embeddable":true,"href":"https:\/\/slsp.ch\/fr\/wp-json\/wp\/v2\/users\/3"}],"replies":[{"embeddable":true,"href":"https:\/\/slsp.ch\/fr\/wp-json\/wp\/v2\/comments?post=2985"}],"version-history":[{"count":24,"href":"https:\/\/slsp.ch\/fr\/wp-json\/wp\/v2\/pages\/2985\/revisions"}],"predecessor-version":[{"id":8985,"href":"https:\/\/slsp.ch\/fr\/wp-json\/wp\/v2\/pages\/2985\/revisions\/8985"}],"wp:attachment":[{"href":"https:\/\/slsp.ch\/fr\/wp-json\/wp\/v2\/media?parent=2985"}],"curies":[{"name":"wp","href":"https:\/\/api.w.org\/{rel}","templated":true}]}}