{"id":5427,"date":"2024-04-05T11:38:48","date_gmt":"2024-04-05T09:38:48","guid":{"rendered":"https:\/\/slsp.ch\/adhesions\/"},"modified":"2025-04-09T11:48:14","modified_gmt":"2025-04-09T09:48:14","slug":"comites","status":"publish","type":"page","link":"https:\/\/slsp.ch\/fr\/comites\/","title":{"rendered":"Comit\u00e9s"},"content":{"rendered":"\t\t<div data-elementor-type=\"wp-page\" data-elementor-id=\"5427\" class=\"elementor elementor-5427 elementor-5274\" data-elementor-post-type=\"page\">\n\t\t\t\t<div class=\"elementor-element elementor-element-547115ed e-flex e-con-boxed e-con e-parent\" data-id=\"547115ed\" data-element_type=\"container\" data-e-type=\"container\" data-settings=\"{&quot;jet_parallax_layout_list&quot;:[]}\">\n\t\t\t\t\t<div class=\"e-con-inner\">\n\t\t\t\t<div class=\"elementor-element elementor-element-47407030 elementor-widget elementor-widget-menu-anchor\" data-id=\"47407030\" data-element_type=\"widget\" data-e-type=\"widget\" data-widget_type=\"menu-anchor.default\">\n\t\t\t\t<div class=\"elementor-widget-container\">\n\t\t\t\t\t\t\t<div class=\"elementor-menu-anchor\" id=\"Mission\"><\/div>\n\t\t\t\t\t\t<\/div>\n\t\t\t\t<\/div>\n\t\t\t\t<div class=\"elementor-element elementor-element-4c43acfe elementor-widget elementor-widget-heading\" data-id=\"4c43acfe\" data-element_type=\"widget\" data-e-type=\"widget\" data-widget_type=\"heading.default\">\n\t\t\t\t<div class=\"elementor-widget-container\">\n\t\t\t\t\t<h1 class=\"elementor-heading-title elementor-size-default\">Membres de comit\u00e9s<\/h1>\t\t\t\t<\/div>\n\t\t\t\t<\/div>\n\t\t\t\t<div class=\"elementor-element elementor-element-5a7a52e8 textlink elementor-widget elementor-widget-text-editor\" data-id=\"5a7a52e8\" data-element_type=\"widget\" data-e-type=\"widget\" data-widget_type=\"text-editor.default\">\n\t\t\t\t<div class=\"elementor-widget-container\">\n\t\t\t\t\t\t\t\t\t<p>Les collaborateurs de SLSP participent au d\u00e9veloppement des produits Alma et Primo VE au sein de diff\u00e9rents comit\u00e9s et apportent leur expertise \u00e0 des comit\u00e9s internationaux.<\/p><ul><li>Aronne Watkins: Chair IGeLU Rapido Working Group; Extended IGeLU Steering Committee<\/li><li>J\u00fcrgen K\u00fcssow: Deputy Chair IGeLU Rapido Working Group; Extended IGeLU Steering Committee; DNB Standardisierungsausschuss; DNB AG Verbundsysteme<\/li><li>Jeanette Hofer: IGeLU Consortia Community of Practice,\u00a0Rialto Collection Development Focus Group<\/li><li>Claudia Heinemann: IGeLU Support Advisory Group; DACHELA Exekutivausschuss<\/li><li>Hans Sch\u00fcrmann: IGeLU LOD Working Group; DNB GND-Ausschuss; DNB Fachgruppe Erschliessung; DNB Expertenteam RAVI; DACHELA Facharbeitsgruppe Alma-GND<\/li><li>Christiane Niklowitz: DNB AG Kooperative Verbundanwendungen (AGKVA); EURIG<\/li><li>Nikol Stepan: Alma-D Working Group<\/li><li>Fabiano Fiero: Ex Libris Primo UI Focus Group<\/li><li>Rouven Schabinger: Ex Libris Mixpanel Analytics Focus Group<\/li><li>Dominik Bl\u00e1ha: LibOW Clarivate; Rialto Collection Development Focus Group<\/li><li>Rapha\u00ebl Rey: ACEF Exekutivausschuss<\/li><\/ul>\t\t\t\t\t\t\t\t<\/div>\n\t\t\t\t<\/div>\n\t\t\t\t\t<\/div>\n\t\t\t\t<\/div>\n\t\t\t\t<\/div>\n\t\t","protected":false},"excerpt":{"rendered":"<p>Membres de comit\u00e9s Les collaborateurs de SLSP participent au d\u00e9veloppement des produits Alma et Primo VE au sein de diff\u00e9rents comit\u00e9s et apportent leur expertise \u00e0 des comit\u00e9s internationaux. Aronne Watkins: Chair IGeLU Rapido Working Group; Extended IGeLU Steering Committee J\u00fcrgen K\u00fcssow: Deputy Chair IGeLU Rapido Working Group; Extended IGeLU Steering Committee; DNB Standardisierungsausschuss; DNB [&hellip;]<\/p>\n","protected":false},"author":3,"featured_media":0,"parent":0,"menu_order":0,"comment_status":"closed","ping_status":"closed","template":"","meta":{"footnotes":""},"class_list":["post-5427","page","type-page","status-publish","hentry"],"_links":{"self":[{"href":"https:\/\/slsp.ch\/fr\/wp-json\/wp\/v2\/pages\/5427","targetHints":{"allow":["GET"]}}],"collection":[{"href":"https:\/\/slsp.ch\/fr\/wp-json\/wp\/v2\/pages"}],"about":[{"href":"https:\/\/slsp.ch\/fr\/wp-json\/wp\/v2\/types\/page"}],"author":[{"embeddable":true,"href":"https:\/\/slsp.ch\/fr\/wp-json\/wp\/v2\/users\/3"}],"replies":[{"embeddable":true,"href":"https:\/\/slsp.ch\/fr\/wp-json\/wp\/v2\/comments?post=5427"}],"version-history":[{"count":16,"href":"https:\/\/slsp.ch\/fr\/wp-json\/wp\/v2\/pages\/5427\/revisions"}],"predecessor-version":[{"id":7810,"href":"https:\/\/slsp.ch\/fr\/wp-json\/wp\/v2\/pages\/5427\/revisions\/7810"}],"wp:attachment":[{"href":"https:\/\/slsp.ch\/fr\/wp-json\/wp\/v2\/media?parent=5427"}],"curies":[{"name":"wp","href":"https:\/\/api.w.org\/{rel}","templated":true}]}}