{"id":5507,"date":"2024-04-08T13:51:22","date_gmt":"2024-04-08T11:51:22","guid":{"rendered":"https:\/\/slsp.ch\/jobs\/"},"modified":"2025-06-24T07:55:56","modified_gmt":"2025-06-24T05:55:56","slug":"jobs","status":"publish","type":"page","link":"https:\/\/slsp.ch\/fr\/jobs\/","title":{"rendered":"Jobs"},"content":{"rendered":"\t\t<div data-elementor-type=\"wp-page\" data-elementor-id=\"5507\" class=\"elementor elementor-5507 elementor-5498\" data-elementor-post-type=\"page\">\n\t\t\t\t<div class=\"elementor-element elementor-element-40dc3ac0 e-flex e-con-boxed e-con e-parent\" data-id=\"40dc3ac0\" data-element_type=\"container\" data-e-type=\"container\" data-settings=\"{&quot;jet_parallax_layout_list&quot;:[]}\">\n\t\t\t\t\t<div class=\"e-con-inner\">\n\t\t\t\t<div class=\"elementor-element elementor-element-5e68d244 elementor-widget elementor-widget-heading\" data-id=\"5e68d244\" data-element_type=\"widget\" data-e-type=\"widget\" data-widget_type=\"heading.default\">\n\t\t\t\t<div class=\"elementor-widget-container\">\n\t\t\t\t\t<h1 class=\"elementor-heading-title elementor-size-default\">Jobs<\/h1>\t\t\t\t<\/div>\n\t\t\t\t<\/div>\n\t\t\t\t<div class=\"elementor-element elementor-element-2833a4f4 textlink elementor-widget elementor-widget-text-editor\" data-id=\"2833a4f4\" data-element_type=\"widget\" data-e-type=\"widget\" data-widget_type=\"text-editor.default\">\n\t\t\t\t<div class=\"elementor-widget-container\">\n\t\t\t\t\t\t\t\t\t<p>Swiss Library Service Platform (SLSP) est une jeune entreprise bas\u00e9e \u00e0 Zurich avec un \u00abespace de co-working\u00bb \u00e0 Lausanne. SLSP a lanc\u00e9 en d\u00e9cembre 2020 une plateforme nationale destin\u00e9e aux biblioth\u00e8ques scientifiques, couvrant toutes les r\u00e9gions et toutes les langues. Il s\u2019agit d\u2019une entreprise innovante, \u00e0 laquelle tu peux participer d\u00e8s la premi\u00e8re heure et l\u2019influencer de mani\u00e8re significative.<\/p><h4><a href=\"https:\/\/slsp.ch\/wp-content\/uploads\/2025\/06\/SLSP_Datenschutzhinweis_Bewerberinnen_FR_20250601-1.pdf\">Tu trouveras ici toutes les informations relatives \u00e0 la protection des donn\u00e9es \u00e0 destination des candidat\u00b7x\u00b7e\u00b7s.<\/a><\/h4>\t\t\t\t\t\t\t\t<\/div>\n\t\t\t\t<\/div>\n\t\t\t\t\t<\/div>\n\t\t\t\t<\/div>\n\t\t<div class=\"elementor-element elementor-element-749cc84 e-flex e-con-boxed e-con e-parent\" data-id=\"749cc84\" data-element_type=\"container\" data-e-type=\"container\" data-settings=\"{&quot;jet_parallax_layout_list&quot;:[]}\">\n\t\t\t\t\t<div class=\"e-con-inner\">\n\t\t\t\t<div class=\"elementor-element elementor-element-427037a elementor-widget elementor-widget-html\" data-id=\"427037a\" data-element_type=\"widget\" data-e-type=\"widget\" data-widget_type=\"html.default\">\n\t\t\t\t<div class=\"elementor-widget-container\">\n\t\t\t\t\t<!-- loading ostendis jobpublisher script -->\r\n<script src=\"https:\/\/odm.ostendis.com\/ojp\/assets\/loader\"\r\n    integrity=\"sha384-5b5wkUwcE8WHpVL\/Nv+0GlCAmaHiLlYU3xehBaxgs7txsDqu\/mcoRIsutbpt84w+\"\r\n    data-token=\"6yrejovflj7o7d59lke3rglofk60mtjv\"\r\n    crossorigin=\"anonymous\"\r\n    id=\"ostendisLoader\">\r\n<\/script>\r\n\r\n<!-- container into which all jobs are rendered -->\r\n<div id=\"ostendisJobs\" class=\"ost-jobs\"><\/div>\r\n\r\n<!-- render all published jobs for a publication place -->\r\n<script>\r\n    document.addEventListener(\"ostendisLoaderReady\", function () {\r\n        OSTENDISJOBS.embed(\r\n            \"6yrejovflj7o7d59lke3rglofk60mtjv\",    \/* publication place hash *\/\r\n            \"FR\",                                  \/* jobpublisher language *\/\r\n            \"#ostendisJobs\",                       \/* css selector of container *\/\r\n            {}                                     \/* view options, default  *\/\r\n        );\r\n    });\r\n<\/script>\t\t\t\t<\/div>\n\t\t\t\t<\/div>\n\t\t\t\t\t<\/div>\n\t\t\t\t<\/div>\n\t\t\t\t<\/div>\n\t\t","protected":false},"excerpt":{"rendered":"<p>Jobs Swiss Library Service Platform (SLSP) est une jeune entreprise bas\u00e9e \u00e0 Zurich avec un \u00abespace de co-working\u00bb \u00e0 Lausanne. SLSP a lanc\u00e9 en d\u00e9cembre 2020 une plateforme nationale destin\u00e9e aux biblioth\u00e8ques scientifiques, couvrant toutes les r\u00e9gions et toutes les langues. Il s\u2019agit d\u2019une entreprise innovante, \u00e0 laquelle tu peux participer d\u00e8s la premi\u00e8re heure [&hellip;]<\/p>\n","protected":false},"author":3,"featured_media":0,"parent":0,"menu_order":0,"comment_status":"closed","ping_status":"closed","template":"","meta":{"footnotes":""},"class_list":["post-5507","page","type-page","status-publish","hentry"],"_links":{"self":[{"href":"https:\/\/slsp.ch\/fr\/wp-json\/wp\/v2\/pages\/5507","targetHints":{"allow":["GET"]}}],"collection":[{"href":"https:\/\/slsp.ch\/fr\/wp-json\/wp\/v2\/pages"}],"about":[{"href":"https:\/\/slsp.ch\/fr\/wp-json\/wp\/v2\/types\/page"}],"author":[{"embeddable":true,"href":"https:\/\/slsp.ch\/fr\/wp-json\/wp\/v2\/users\/3"}],"replies":[{"embeddable":true,"href":"https:\/\/slsp.ch\/fr\/wp-json\/wp\/v2\/comments?post=5507"}],"version-history":[{"count":51,"href":"https:\/\/slsp.ch\/fr\/wp-json\/wp\/v2\/pages\/5507\/revisions"}],"predecessor-version":[{"id":8076,"href":"https:\/\/slsp.ch\/fr\/wp-json\/wp\/v2\/pages\/5507\/revisions\/8076"}],"wp:attachment":[{"href":"https:\/\/slsp.ch\/fr\/wp-json\/wp\/v2\/media?parent=5507"}],"curies":[{"name":"wp","href":"https:\/\/api.w.org\/{rel}","templated":true}]}}