{"id":2942,"date":"2024-01-04T15:24:27","date_gmt":"2024-01-04T14:24:27","guid":{"rendered":"https:\/\/slsp.ch\/storia-di-slsp\/"},"modified":"2025-09-03T07:32:34","modified_gmt":"2025-09-03T05:32:34","slug":"storia-di-slsp","status":"publish","type":"page","link":"https:\/\/slsp.ch\/it\/storia-di-slsp\/","title":{"rendered":"Storia di SLSP"},"content":{"rendered":"\t\t<div data-elementor-type=\"wp-page\" data-elementor-id=\"2942\" class=\"elementor elementor-2942 elementor-1669\" data-elementor-post-type=\"page\">\n\t\t\t\t<div class=\"elementor-element elementor-element-64cc3eba e-flex e-con-boxed e-con e-parent\" data-id=\"64cc3eba\" data-element_type=\"container\" data-e-type=\"container\" data-settings=\"{&quot;jet_parallax_layout_list&quot;:[]}\">\n\t\t\t\t\t<div class=\"e-con-inner\">\n\t\t\t\t<div class=\"elementor-element elementor-element-397bce36 elementor-widget elementor-widget-heading\" data-id=\"397bce36\" data-element_type=\"widget\" data-e-type=\"widget\" data-widget_type=\"heading.default\">\n\t\t\t\t<div class=\"elementor-widget-container\">\n\t\t\t\t\t<h1 class=\"elementor-heading-title elementor-size-default\">Storia di SLSP<\/h1>\t\t\t\t<\/div>\n\t\t\t\t<\/div>\n\t\t\t\t<div class=\"elementor-element elementor-element-32ea2ab textlink elementor-widget elementor-widget-text-editor\" data-id=\"32ea2ab\" data-element_type=\"widget\" data-e-type=\"widget\" data-widget_type=\"text-editor.default\">\n\t\t\t\t<div class=\"elementor-widget-container\">\n\t\t\t\t\t\t\t\t\t<p>All\u2019inizio degli anni 2010, nelle biblioteche accademiche svizzere \u00e8 iniziata una conversazione destinata a fare piccoli ma significativi passi avanti. All\u2019interno di questa comunit\u00e0, alcune pioniere e pionieri si resero conto che le reti bibliotecarie esistenti, all\u2019epoca sei, stavano affrontando una sfida comune: La necessit\u00e0 di sostituire i sistemi bibliotecari esistenti con soluzioni nuove e pi\u00f9 moderne. Questa consapevolezza \u00e8 stata la scintilla per una visione di ampio respiro. Perch\u00e9 non sfruttare questo momento di cambiamento come un\u2019opportunit\u00e0 non solo per rinnovare i sistemi, ma anche per ripensare radicalmente il modo in cui accediamo alle pubblicazioni scientifiche?<\/p><p>\u00c8 nata cos\u00ec l\u2019idea di sviluppare una piattaforma che permettesse di accedere a tutte le informazioni scientifiche in Svizzera con un unico login. Si trattava di un\u2019impresa ambiziosa, ma spinti dalla convinzione che l\u2019accesso condiviso alla conoscenza avrebbe portato a un miglioramento della ricerca e dell\u2019istruzione, sono iniziati i lavori preliminari del progetto. Nel 2015, il progetto &#8220;SLSP Swiss Library Service Platform&#8221;, sostenuto da 15 biblioteche e cofinanziato da swissuniversities nell\u2019ambito del programma P-5, ha iniziato i suoi lavori.<\/p><p>Il progetto \u00e8 stato fin dall\u2019inizio un\u2019iniziativa collettiva, ispirata dalla convinzione che gli sforzi di collaborazione possano migliorare il modo in cui i materiali accademici sono resi accessibili. La sfida collettiva di dover implementare nuovi sistemi ha reso ancora pi\u00f9 evidente il potenziale di sinergia. Non si trattava solo di trovare una nuova soluzione tecnica, ma anche di lavorare insieme per cambiare l\u2019accessibilit\u00e0 delle pubblicazioni scientifiche.<\/p><p>Oggi, a distanza di anni, riconosciamo il valore di questi sforzi congiunti. SLSP ha semplificato l\u2019accesso alle pubblicazioni scientifiche e ci ha dimostrato quanto possano essere preziose la standardizzazione e la collaborazione.<\/p>\t\t\t\t\t\t\t\t<\/div>\n\t\t\t\t<\/div>\n\t\t\t\t\t<\/div>\n\t\t\t\t<\/div>\n\t\t<div class=\"elementor-element elementor-element-43c1273a e-flex e-con-boxed e-con e-parent\" data-id=\"43c1273a\" data-element_type=\"container\" data-e-type=\"container\" data-settings=\"{&quot;jet_parallax_layout_list&quot;:[]}\">\n\t\t\t\t\t<div class=\"e-con-inner\">\n\t\t\t\t<div class=\"elementor-element elementor-element-b23fec9 elementor-widget elementor-widget-menu-anchor\" data-id=\"b23fec9\" data-element_type=\"widget\" data-e-type=\"widget\" data-widget_type=\"menu-anchor.default\">\n\t\t\t\t<div class=\"elementor-widget-container\">\n\t\t\t\t\t\t\t<div class=\"elementor-menu-anchor\" id=\"auftrag\"><\/div>\n\t\t\t\t\t\t<\/div>\n\t\t\t\t<\/div>\n\t\t\t\t<div class=\"elementor-element elementor-element-2349880 elementor-widget elementor-widget-heading\" data-id=\"2349880\" data-element_type=\"widget\" data-e-type=\"widget\" data-widget_type=\"heading.default\">\n\t\t\t\t<div class=\"elementor-widget-container\">\n\t\t\t\t\t<h2 class=\"elementor-heading-title elementor-size-default\">2015-2016<\/h2>\t\t\t\t<\/div>\n\t\t\t\t<\/div>\n\t\t\t\t<div class=\"elementor-element elementor-element-cf1871a textlink elementor-widget elementor-widget-text-editor\" data-id=\"cf1871a\" data-element_type=\"widget\" data-e-type=\"widget\" data-widget_type=\"text-editor.default\">\n\t\t\t\t<div class=\"elementor-widget-container\">\n\t\t\t\t\t\t\t\t\t<p>Viene svolto uno studio di fattibilit\u00e0 con la partecipazione di nove universit\u00e0, finanziato dal programma P-5 di swissuniverisities.<\/p>\t\t\t\t\t\t\t\t<\/div>\n\t\t\t\t<\/div>\n\t\t\t\t<div class=\"elementor-element elementor-element-fad8bc9 elementor-widget elementor-widget-heading\" data-id=\"fad8bc9\" data-element_type=\"widget\" data-e-type=\"widget\" data-widget_type=\"heading.default\">\n\t\t\t\t<div class=\"elementor-widget-container\">\n\t\t\t\t\t<h2 class=\"elementor-heading-title elementor-size-default\">2017<\/h2>\t\t\t\t<\/div>\n\t\t\t\t<\/div>\n\t\t\t\t<div class=\"elementor-element elementor-element-437f25ec textlink elementor-widget elementor-widget-text-editor\" data-id=\"437f25ec\" data-element_type=\"widget\" data-e-type=\"widget\" data-widget_type=\"text-editor.default\">\n\t\t\t\t<div class=\"elementor-widget-container\">\n\t\t\t\t\t\t\t\t\t<p>A seguito dello studio di fattibilit\u00e0, nel febbraio 2017 si decide di implementare una piattaforma nazionale di servizi bibliotecari per le biblioteche accademiche. Seguono la fondazione dell\u2019organizzazione no-profit SLSP AG e la gara d\u2019appalto per un nuovo sistema di gestione delle biblioteche. Nel dicembre 2017, il contratto viene assegnato alla societ\u00e0 Ex Libris per i prodotti Alma e Primo come futura soluzione di sistema bibliotecario.<\/p>\t\t\t\t\t\t\t\t<\/div>\n\t\t\t\t<\/div>\n\t\t\t\t<div class=\"elementor-element elementor-element-5b5a8c87 elementor-widget__width-inherit elementor-widget elementor-widget-heading\" data-id=\"5b5a8c87\" data-element_type=\"widget\" data-e-type=\"widget\" data-widget_type=\"heading.default\">\n\t\t\t\t<div class=\"elementor-widget-container\">\n\t\t\t\t\t<h2 class=\"elementor-heading-title elementor-size-default\">2018<\/h2>\t\t\t\t<\/div>\n\t\t\t\t<\/div>\n\t\t\t\t<div class=\"elementor-element elementor-element-27d0f0b textlink elementor-widget elementor-widget-text-editor\" data-id=\"27d0f0b\" data-element_type=\"widget\" data-e-type=\"widget\" data-widget_type=\"text-editor.default\">\n\t\t\t\t<div class=\"elementor-widget-container\">\n\t\t\t\t\t\t\t\t\t<p>SLSP inizia a operare in Werdstrasse 2 nella sede di Switch a Zurigo. In seguito al successo delle trattative contrattuali con il fornitore di sistemi Ex Libris, a settembre inizia il progetto di \u201cintegrazione del sistema\u201d con 11 biblioteche Vanguard. Le esperte e gli esperti lavorano alla progettazione del sistema bibliotecario e dei servizi in tre sottoprogetti. Nel corso dell\u2019anno, SLSP si trasferisce nella propria sede di Lutherstrasse 2 a Zurigo.<\/p>\t\t\t\t\t\t\t\t<\/div>\n\t\t\t\t<\/div>\n\t\t\t\t<div class=\"elementor-element elementor-element-c32fd17 elementor-widget__width-inherit elementor-widget elementor-widget-heading\" data-id=\"c32fd17\" data-element_type=\"widget\" data-e-type=\"widget\" data-widget_type=\"heading.default\">\n\t\t\t\t<div class=\"elementor-widget-container\">\n\t\t\t\t\t<h2 class=\"elementor-heading-title elementor-size-default\">2019-2020<\/h2>\t\t\t\t<\/div>\n\t\t\t\t<\/div>\n\t\t\t\t<div class=\"elementor-element elementor-element-88a8e16 textlink elementor-widget elementor-widget-text-editor\" data-id=\"88a8e16\" data-element_type=\"widget\" data-e-type=\"widget\" data-widget_type=\"text-editor.default\">\n\t\t\t\t<div class=\"elementor-widget-container\">\n\t\t\t\t\t\t\t\t\t<p>SLSP cresce e il lavoro sul progetto \u201cIntegrazione del sistema\u201d continua. Oltre alla configurazione del sistema e alla creazione di servizi come il Courier SLSP, sviluppa una formazione completa per il personale delle biblioteche. Viene creato uno spazio di co-working presso la sede di La Serre a Losanna.<\/p><p>Nel gennaio 2020, l\u2019ufficio del Consorzio delle biblioteche universitarie svizzere viene integrato in SLSP. Il consorzio acquisisce licenze per le risorse accademiche (riviste elettroniche, e-book e banche dati) e fornisce altri servizi, come la negoziazione delle licenze con i fornitori.<\/p>\t\t\t\t\t\t\t\t<\/div>\n\t\t\t\t<\/div>\n\t\t\t\t<div class=\"elementor-element elementor-element-0c01d16 elementor-widget__width-inherit elementor-widget elementor-widget-heading\" data-id=\"0c01d16\" data-element_type=\"widget\" data-e-type=\"widget\" data-widget_type=\"heading.default\">\n\t\t\t\t<div class=\"elementor-widget-container\">\n\t\t\t\t\t<h2 class=\"elementor-heading-title elementor-size-default\">07.12.2020<\/h2>\t\t\t\t<\/div>\n\t\t\t\t<\/div>\n\t\t\t\t<div class=\"elementor-element elementor-element-67fb86c textlink elementor-widget elementor-widget-text-editor\" data-id=\"67fb86c\" data-element_type=\"widget\" data-e-type=\"widget\" data-widget_type=\"text-editor.default\">\n\t\t\t\t<div class=\"elementor-widget-container\">\n\t\t\t\t\t\t\t\t\t<p>Dopo due anni di progetto \u201cIntegrazione del sistema\u201d, circa 470 biblioteche entrano in funzione sulla nuova piattaforma swisscovery.<\/p>\t\t\t\t\t\t\t\t<\/div>\n\t\t\t\t<\/div>\n\t\t\t\t<div class=\"elementor-element elementor-element-df2c6b2 elementor-widget__width-inherit elementor-widget elementor-widget-heading\" data-id=\"df2c6b2\" data-element_type=\"widget\" data-e-type=\"widget\" data-widget_type=\"heading.default\">\n\t\t\t\t<div class=\"elementor-widget-container\">\n\t\t\t\t\t<h2 class=\"elementor-heading-title elementor-size-default\">2021<\/h2>\t\t\t\t<\/div>\n\t\t\t\t<\/div>\n\t\t\t\t<div class=\"elementor-element elementor-element-2ae280f textlink elementor-widget elementor-widget-text-editor\" data-id=\"2ae280f\" data-element_type=\"widget\" data-e-type=\"widget\" data-widget_type=\"text-editor.default\">\n\t\t\t\t<div class=\"elementor-widget-container\">\n\t\t\t\t\t\t\t\t\t<p>Nel primo anno di attivit\u00e0, swisscovery viene costantemente ottimizzato. Molte energie sono impiegate per consolidare la piattaforma. Tuttavia, vengono realizzati anche diversi progetti su richiesta delle biblioteche tra cui, per la prima volta, sono state aggiunte nuove biblioteche.<\/p>\t\t\t\t\t\t\t\t<\/div>\n\t\t\t\t<\/div>\n\t\t\t\t<div class=\"elementor-element elementor-element-80f043b elementor-widget__width-inherit elementor-widget elementor-widget-heading\" data-id=\"80f043b\" data-element_type=\"widget\" data-e-type=\"widget\" data-widget_type=\"heading.default\">\n\t\t\t\t<div class=\"elementor-widget-container\">\n\t\t\t\t\t<h2 class=\"elementor-heading-title elementor-size-default\">2022<\/h2>\t\t\t\t<\/div>\n\t\t\t\t<\/div>\n\t\t\t\t<div class=\"elementor-element elementor-element-c07380f textlink elementor-widget elementor-widget-text-editor\" data-id=\"c07380f\" data-element_type=\"widget\" data-e-type=\"widget\" data-widget_type=\"text-editor.default\">\n\t\t\t\t<div class=\"elementor-widget-container\">\n\t\t\t\t\t\t\t\t\t<p>Nel 2022, la rete Alexandria e le sue 15 biblioteche vengono migrate con successo a swisscovery in aprile. In totale, circa 490 biblioteche fanno ora parte di swisscovery.<br \/><br \/>Il primo forum SLSP per le\/i responsabili delle biblioteche che partecipano a swisscovery si svolge a Berna. L\u2019obiettivo dell\u2019evento, che si svolge due volte l\u2019anno, \u00e8 quello di promuovere il dialogo tra le biblioteche e SLSP.<br \/><br \/>In ottobre SLSP si trasferisce nei nuovi uffici di Kasernenstrasse 77 A\/B a Zurigo e contemporaneamente subisce una riorganizzazione: vengono introdotti nuovi team leader.<br \/><br \/>Nel novembre 2022, dopo quasi due anni di lavoro sul progetto, viene messo in funzione lo strumento di condivisione delle risorse Rapido.<br \/><br \/>La rete Renouvaud e la SLSP si avvicinano. Le biblioteche della rete Renouvaud nel Cantone di Vaud sono ora collegate al Courier SLSP e le risorse possono essere presi in prestito in modo trasversale.<\/p>\t\t\t\t\t\t\t\t<\/div>\n\t\t\t\t<\/div>\n\t\t\t\t<div class=\"elementor-element elementor-element-32ef266 elementor-widget__width-inherit elementor-widget elementor-widget-heading\" data-id=\"32ef266\" data-element_type=\"widget\" data-e-type=\"widget\" data-widget_type=\"heading.default\">\n\t\t\t\t<div class=\"elementor-widget-container\">\n\t\t\t\t\t<h2 class=\"elementor-heading-title elementor-size-default\">2023<\/h2>\t\t\t\t<\/div>\n\t\t\t\t<\/div>\n\t\t\t\t<div class=\"elementor-element elementor-element-b228cf3 textlink elementor-widget elementor-widget-text-editor\" data-id=\"b228cf3\" data-element_type=\"widget\" data-e-type=\"widget\" data-widget_type=\"text-editor.default\">\n\t\t\t\t<div class=\"elementor-widget-container\">\n\t\t\t\t\t\t\t\t\t<p>Altre biblioteche si uniscono a swisscovery, compresa la rete di biblioteche argoviesi. SLSP rivede la propria governance e rafforza cos\u00ec le opportunit\u00e0 di partecipazione delle biblioteche. Con l\u2019introduzione di un nuovo strumento di comunicazione, la SLSP pu\u00f2 comunicare con le collaboratrici e i collaboratori delle biblioteche in modo ancora pi\u00f9 mirato.<\/p>\t\t\t\t\t\t\t\t<\/div>\n\t\t\t\t<\/div>\n\t\t\t\t<div class=\"elementor-element elementor-element-64569e7 elementor-widget__width-inherit elementor-widget elementor-widget-heading\" data-id=\"64569e7\" data-element_type=\"widget\" data-e-type=\"widget\" data-widget_type=\"heading.default\">\n\t\t\t\t<div class=\"elementor-widget-container\">\n\t\t\t\t\t<h2 class=\"elementor-heading-title elementor-size-default\">2024<\/h2>\t\t\t\t<\/div>\n\t\t\t\t<\/div>\n\t\t\t\t<div class=\"elementor-element elementor-element-dfe03af textlink elementor-widget elementor-widget-text-editor\" data-id=\"dfe03af\" data-element_type=\"widget\" data-e-type=\"widget\" data-widget_type=\"text-editor.default\">\n\t\t\t\t<div class=\"elementor-widget-container\">\n\t\t\t\t\t\t\t\t\t<p style=\"font-weight: 400;\">Altre biblioteche sono state incluse in swisscovery. Viene implementato il nuovo modello di governance, rafforzando la partecipazione delle biblioteche agli sviluppi di SLSP. Il contratto di servizio esistente viene rivisto e adattato di conseguenza. Il secondo Simposio SLSP si svolge secondo il motto\u202f&#8221;La biblioteconomia centrata sull&#8217;utente: Comprendere, collegare, migliorare&#8221;.<\/p><p style=\"font-weight: 400;\">\u00a0<\/p>\t\t\t\t\t\t\t\t<\/div>\n\t\t\t\t<\/div>\n\t\t\t\t\t<\/div>\n\t\t\t\t<\/div>\n\t\t\t\t<\/div>\n\t\t","protected":false},"excerpt":{"rendered":"<p>Storia di SLSP All\u2019inizio degli anni 2010, nelle biblioteche accademiche svizzere \u00e8 iniziata una conversazione destinata a fare piccoli ma significativi passi avanti. All\u2019interno di questa comunit\u00e0, alcune pioniere e pionieri si resero conto che le reti bibliotecarie esistenti, all\u2019epoca sei, stavano affrontando una sfida comune: La necessit\u00e0 di sostituire i sistemi bibliotecari esistenti con [&hellip;]<\/p>\n","protected":false},"author":3,"featured_media":0,"parent":0,"menu_order":14,"comment_status":"closed","ping_status":"closed","template":"","meta":{"footnotes":""},"class_list":["post-2942","page","type-page","status-publish","hentry"],"_links":{"self":[{"href":"https:\/\/slsp.ch\/it\/wp-json\/wp\/v2\/pages\/2942","targetHints":{"allow":["GET"]}}],"collection":[{"href":"https:\/\/slsp.ch\/it\/wp-json\/wp\/v2\/pages"}],"about":[{"href":"https:\/\/slsp.ch\/it\/wp-json\/wp\/v2\/types\/page"}],"author":[{"embeddable":true,"href":"https:\/\/slsp.ch\/it\/wp-json\/wp\/v2\/users\/3"}],"replies":[{"embeddable":true,"href":"https:\/\/slsp.ch\/it\/wp-json\/wp\/v2\/comments?post=2942"}],"version-history":[{"count":56,"href":"https:\/\/slsp.ch\/it\/wp-json\/wp\/v2\/pages\/2942\/revisions"}],"predecessor-version":[{"id":8351,"href":"https:\/\/slsp.ch\/it\/wp-json\/wp\/v2\/pages\/2942\/revisions\/8351"}],"wp:attachment":[{"href":"https:\/\/slsp.ch\/it\/wp-json\/wp\/v2\/media?parent=2942"}],"curies":[{"name":"wp","href":"https:\/\/api.w.org\/{rel}","templated":true}]}}